{"id":346,"date":"2020-04-06T10:21:05","date_gmt":"2020-04-06T08:21:05","guid":{"rendered":"https:\/\/norbertracz.sk\/?page_id=346"},"modified":"2024-06-08T19:49:48","modified_gmt":"2024-06-08T17:49:48","slug":"abdominoplastika-operacia-brucha","status":"publish","type":"page","link":"https:\/\/norbertracz.sk\/?page_id=346","title":{"rendered":"Abdominoplastika"},"content":{"rendered":"\t\t<div data-elementor-type=\"wp-page\" data-elementor-id=\"346\" class=\"elementor elementor-346\">\n\t\t\t\t\t\t<section class=\"elementor-section elementor-top-section elementor-element elementor-element-7209b2cd elementor-section-boxed elementor-section-height-default elementor-section-height-default\" data-id=\"7209b2cd\" data-element_type=\"section\" data-e-type=\"section\">\n\t\t\t\t\t\t<div class=\"elementor-container elementor-column-gap-default\">\n\t\t\t\t\t<div class=\"elementor-column elementor-col-100 elementor-top-column elementor-element elementor-element-6936f911\" data-id=\"6936f911\" data-element_type=\"column\" data-e-type=\"column\">\n\t\t\t<div class=\"elementor-widget-wrap elementor-element-populated\">\n\t\t\t\t\t\t<div class=\"elementor-element elementor-element-7c136652 elementor-widget elementor-widget-text-editor\" data-id=\"7c136652\" data-element_type=\"widget\" data-e-type=\"widget\" data-widget_type=\"text-editor.default\">\n\t\t\t\t<div class=\"elementor-widget-container\">\n\t\t\t\t\t\t\t\t\t<p>Plastick\u00e1 oper\u00e1cia brucha &#8211; abdominoplastika je chirurgick\u00fd z\u00e1krok pri ktorom sa odstr\u00e1ni nadbytok ko\u017ee ktor\u00fd vznikol po tehotenstve alebo po ve\u013ekom schudnut\u00ed a uprav\u00ed sa rozostup bru\u0161n\u00fdch svalov \u010d\u00edm sa obnov\u00ed ploch\u00e9 a rovn\u00e9 brucho. Oper\u00e1cia sa m\u00f4\u017ee kombinova\u0165 s liposukciou, alebo sa m\u00f4\u017ee urobi\u0165 v men\u0161om rozsahu &#8211; miniabdominoplastika ak je nato bru\u0161ko vhodn\u00e9.<\/p>\t\t\t\t\t\t\t\t<\/div>\n\t\t\t\t<\/div>\n\t\t\t\t\t<\/div>\n\t\t<\/div>\n\t\t\t\t\t<\/div>\n\t\t<\/section>\n\t\t\t\t<section class=\"elementor-section elementor-top-section elementor-element elementor-element-434d060d elementor-section-boxed elementor-section-height-default elementor-section-height-default\" data-id=\"434d060d\" data-element_type=\"section\" data-e-type=\"section\">\n\t\t\t\t\t\t<div class=\"elementor-container elementor-column-gap-default\">\n\t\t\t\t\t<div class=\"elementor-column elementor-col-100 elementor-top-column elementor-element elementor-element-40ba45aa\" data-id=\"40ba45aa\" data-element_type=\"column\" data-e-type=\"column\">\n\t\t\t<div class=\"elementor-widget-wrap elementor-element-populated\">\n\t\t\t\t\t\t<section class=\"elementor-section elementor-inner-section elementor-element elementor-element-40e97295 elementor-section-boxed elementor-section-height-default elementor-section-height-default\" data-id=\"40e97295\" data-element_type=\"section\" data-e-type=\"section\">\n\t\t\t\t\t\t<div class=\"elementor-container elementor-column-gap-default\">\n\t\t\t\t\t<div class=\"elementor-column elementor-col-100 elementor-inner-column elementor-element elementor-element-4b9e08ec\" data-id=\"4b9e08ec\" data-element_type=\"column\" data-e-type=\"column\">\n\t\t\t<div class=\"elementor-widget-wrap elementor-element-populated\">\n\t\t\t\t\t\t<div class=\"elementor-element elementor-element-4d4558b3 elementor-widget elementor-widget-text-editor\" data-id=\"4d4558b3\" data-element_type=\"widget\" data-e-type=\"widget\" data-widget_type=\"text-editor.default\">\n\t\t\t\t<div class=\"elementor-widget-container\">\n\t\t\t\t\t\t\t\t\t<h3 style=\"text-align: center;\">Ak\u00fd je priebeh z\u00e1kroku<\/h3>\t\t\t\t\t\t\t\t<\/div>\n\t\t\t\t<\/div>\n\t\t\t\t<div class=\"elementor-element elementor-element-7becb524 elementor-widget elementor-widget-text-editor\" data-id=\"7becb524\" data-element_type=\"widget\" data-e-type=\"widget\" data-widget_type=\"text-editor.default\">\n\t\t\t\t<div class=\"elementor-widget-container\">\n\t\t\t\t\t\t\t\t\t<ul><li>d\u013a\u017eka oper\u00e1cie : 2-3 hodiny<\/li><li>typ anest\u00e9zie : celkov\u00e1<\/li><li>pobyt na klinike : 1 noc<\/li><li>zotavenie po z\u00e1kroku : 3 t\u00fd\u017edne<\/li><\/ul>\t\t\t\t\t\t\t\t<\/div>\n\t\t\t\t<\/div>\n\t\t\t\t\t<\/div>\n\t\t<\/div>\n\t\t\t\t\t<\/div>\n\t\t<\/section>\n\t\t\t\t\t<\/div>\n\t\t<\/div>\n\t\t\t\t\t<\/div>\n\t\t<\/section>\n\t\t\t\t<section class=\"elementor-section elementor-top-section elementor-element elementor-element-55cbfa8c elementor-section-boxed elementor-section-height-default elementor-section-height-default\" data-id=\"55cbfa8c\" data-element_type=\"section\" data-e-type=\"section\">\n\t\t\t\t\t\t<div class=\"elementor-container elementor-column-gap-default\">\n\t\t\t\t\t<div class=\"elementor-column elementor-col-100 elementor-top-column elementor-element elementor-element-38df7349\" data-id=\"38df7349\" data-element_type=\"column\" data-e-type=\"column\">\n\t\t\t<div class=\"elementor-widget-wrap elementor-element-populated\">\n\t\t\t\t\t\t<section class=\"elementor-section elementor-inner-section elementor-element elementor-element-2889ba63 elementor-section-boxed elementor-section-height-default elementor-section-height-default\" data-id=\"2889ba63\" data-element_type=\"section\" data-e-type=\"section\">\n\t\t\t\t\t\t<div class=\"elementor-container elementor-column-gap-default\">\n\t\t\t\t\t<div class=\"elementor-column elementor-col-100 elementor-inner-column elementor-element elementor-element-33dddc5b\" data-id=\"33dddc5b\" data-element_type=\"column\" data-e-type=\"column\">\n\t\t\t<div class=\"elementor-widget-wrap elementor-element-populated\">\n\t\t\t\t\t\t<div class=\"elementor-element elementor-element-34e371fd elementor-widget elementor-widget-text-editor\" data-id=\"34e371fd\" data-element_type=\"widget\" data-e-type=\"widget\" data-widget_type=\"text-editor.default\">\n\t\t\t\t<div class=\"elementor-widget-container\">\n\t\t\t\t\t\t\t\t\t<h3 style=\"text-align: center;\">Na\u010dastej\u0161ie ot\u00e1zky o z\u00e1kroku<\/h3>\t\t\t\t\t\t\t\t<\/div>\n\t\t\t\t<\/div>\n\t\t\t\t\t<\/div>\n\t\t<\/div>\n\t\t\t\t\t<\/div>\n\t\t<\/section>\n\t\t\t\t<section class=\"elementor-section elementor-inner-section elementor-element elementor-element-5af4909a elementor-section-boxed elementor-section-height-default elementor-section-height-default\" data-id=\"5af4909a\" data-element_type=\"section\" data-e-type=\"section\">\n\t\t\t\t\t\t<div class=\"elementor-container elementor-column-gap-default\">\n\t\t\t\t\t<div class=\"elementor-column elementor-col-100 elementor-inner-column elementor-element elementor-element-62b5cd29\" data-id=\"62b5cd29\" data-element_type=\"column\" data-e-type=\"column\">\n\t\t\t<div class=\"elementor-widget-wrap elementor-element-populated\">\n\t\t\t\t\t\t<div class=\"elementor-element elementor-element-6b55f60b elementor-widget elementor-widget-toggle\" data-id=\"6b55f60b\" data-element_type=\"widget\" data-e-type=\"widget\" data-widget_type=\"toggle.default\">\n\t\t\t\t<div class=\"elementor-widget-container\">\n\t\t\t\t\t\t\t<div class=\"elementor-toggle\">\n\t\t\t\t\t\t\t<div class=\"elementor-toggle-item\">\n\t\t\t\t\t<div id=\"elementor-tab-title-1801\" class=\"elementor-tab-title\" data-tab=\"1\" role=\"button\" aria-controls=\"elementor-tab-content-1801\" aria-expanded=\"false\">\n\t\t\t\t\t\t\t\t\t\t\t\t<span class=\"elementor-toggle-icon elementor-toggle-icon-left\" aria-hidden=\"true\">\n\t\t\t\t\t\t\t\t\t\t\t\t\t\t\t<span class=\"elementor-toggle-icon-closed\"><i class=\"fas fa-caret-right\"><\/i><\/span>\n\t\t\t\t\t\t\t\t<span class=\"elementor-toggle-icon-opened\"><i class=\"elementor-toggle-icon-opened fas fa-caret-up\"><\/i><\/span>\n\t\t\t\t\t\t\t\t\t\t\t\t\t<\/span>\n\t\t\t\t\t\t\t\t\t\t\t\t<a class=\"elementor-toggle-title\" tabindex=\"0\">Priebeh oper\u00e1cie<\/a>\n\t\t\t\t\t<\/div>\n\n\t\t\t\t\t<div id=\"elementor-tab-content-1801\" class=\"elementor-tab-content elementor-clearfix\" data-tab=\"1\" role=\"region\" aria-labelledby=\"elementor-tab-title-1801\"><p>Z\u00e1kroku <strong>abdominoplastika &#8211; plastick\u00e1 oper\u00e1cia brucha<\/strong> predch\u00e1dza osobn\u00e1 konzult\u00e1cia. Oper\u00e1cia je vhodn\u00e1 per mu\u017eov aj \u017eeny. Podmienkou \u00faspe\u0161nej abdominoplastiky je dobr\u00fd zdravotn\u00fd stav.<\/p><p><strong>Abdominoplastika<\/strong>\u00a0&#8211; prebieha v celkovej anest\u00e9zii. Po\u010das z\u00e1kroku sa odstr\u00e1ni nadbyto\u010dn\u00e1, voln\u00e1, ovisnut\u00e1\u00a0 ko\u017ea v podbru\u0161ku pri\u010dom rez je umiestnen\u00fd v podbru\u0161ku kde je v\u00fdsledn\u00e1 jazva skryt\u00e1 v pr\u00e1dle.\u00a0 Ak je potrebn\u00e9 z\u00e1rove\u0148 sa spevnia bru\u0161n\u00e9 svaly pri diast\u00e1ze &#8211; rozostupe priamych bru\u0161n\u00fdch svalov. Pupok sa premiestni na nov\u00e9 miesto. <strong>Abdominoplastika<\/strong> sa \u010dasto kombinuje s liposukciou bokov. Plastikou brucha odstr\u00e1nime strie len ak s\u00fa pod \u00farov\u0148ou pupka. Rany sa \u0161ij\u00fa vstrebate\u013en\u00fdmi stehmi.<\/p><p><strong>Miniabdominoplastika<\/strong> je menej rozsiahla varianta abdominoplastiky. T\u00fdmto z\u00e1krokom sa koriguje prebytok ko\u017ee len v oblasti pod pupkom. Pupok sa nepremiest\u0148uje. Doba hojenia a rekonvalescencia je podstatne krat\u0161ia ako pri abdominoplasike.<\/p><\/div>\n\t\t\t\t<\/div>\n\t\t\t\t\t\t\t<div class=\"elementor-toggle-item\">\n\t\t\t\t\t<div id=\"elementor-tab-title-1802\" class=\"elementor-tab-title\" data-tab=\"2\" role=\"button\" aria-controls=\"elementor-tab-content-1802\" aria-expanded=\"false\">\n\t\t\t\t\t\t\t\t\t\t\t\t<span class=\"elementor-toggle-icon elementor-toggle-icon-left\" aria-hidden=\"true\">\n\t\t\t\t\t\t\t\t\t\t\t\t\t\t\t<span class=\"elementor-toggle-icon-closed\"><i class=\"fas fa-caret-right\"><\/i><\/span>\n\t\t\t\t\t\t\t\t<span class=\"elementor-toggle-icon-opened\"><i class=\"elementor-toggle-icon-opened fas fa-caret-up\"><\/i><\/span>\n\t\t\t\t\t\t\t\t\t\t\t\t\t<\/span>\n\t\t\t\t\t\t\t\t\t\t\t\t<a class=\"elementor-toggle-title\" tabindex=\"0\">Zotavenie po z\u00e1kroku<\/a>\n\t\t\t\t\t<\/div>\n\n\t\t\t\t\t<div id=\"elementor-tab-content-1802\" class=\"elementor-tab-content elementor-clearfix\" data-tab=\"2\" role=\"region\" aria-labelledby=\"elementor-tab-title-1802\"><p>Zotavenie po z\u00e1kroku abdominoplastika trv\u00e1 minim\u00e1lne dva a\u017e tri t\u00fd\u017edne. Prv\u00e9 dva t\u00fd\u017edne sa v\u0161ak nebudte m\u00f4c\u0165 vystiera\u0165 preto\u017ee by sa pr\u00edli\u0161 na\u0165ahovala opera\u010dn\u00e1 rana. 6 t\u00fd\u017ed\u0148ov po oper\u00e1cii budete nosi\u0165 elastick\u00fd p\u00e1s.\u00a0 N\u00e1vrat do pr\u00e1ce je mo\u017en\u00fd po dvoch t\u00fd\u017ed\u0148och a k \u0161portu sa m\u00f4\u017eete vr\u00e1ti\u0165 po 6 t\u00fd\u017ed\u0148och.\u00a0<\/p><\/div>\n\t\t\t\t<\/div>\n\t\t\t\t\t\t\t\t<\/div>\n\t\t\t\t\t\t<\/div>\n\t\t\t\t<\/div>\n\t\t\t\t\t<\/div>\n\t\t<\/div>\n\t\t\t\t\t<\/div>\n\t\t<\/section>\n\t\t\t\t\t<\/div>\n\t\t<\/div>\n\t\t\t\t\t<\/div>\n\t\t<\/section>\n\t\t\t\t<\/div>\n\t\t","protected":false},"excerpt":{"rendered":"<p>Plastick\u00e1 oper\u00e1cia brucha &#8211; abdominoplastika je chirurgick\u00fd z\u00e1krok pri ktorom sa odstr\u00e1ni nadbytok ko\u017ee ktor\u00fd vznikol po tehotenstve alebo po ve\u013ekom schudnut\u00ed a uprav\u00ed sa rozostup bru\u0161n\u00fdch svalov \u010d\u00edm sa obnov\u00ed ploch\u00e9 a rovn\u00e9 brucho. Oper\u00e1cia sa m\u00f4\u017ee kombinova\u0165 s liposukciou, alebo sa m\u00f4\u017ee urobi\u0165 v men\u0161om rozsahu &#8211; miniabdominoplastika ak je nato bru\u0161ko vhodn\u00e9. [&hellip;]<\/p>\n","protected":false},"author":1,"featured_media":0,"parent":0,"menu_order":0,"comment_status":"closed","ping_status":"closed","template":"","meta":{"ocean_post_layout":"right-sidebar","ocean_both_sidebars_style":"","ocean_both_sidebars_content_width":0,"ocean_both_sidebars_sidebars_width":0,"ocean_sidebar":"sidebar","ocean_second_sidebar":"0","ocean_disable_margins":"enable","ocean_add_body_class":"","ocean_shortcode_before_top_bar":"","ocean_shortcode_after_top_bar":"","ocean_shortcode_before_header":"","ocean_shortcode_after_header":"","ocean_has_shortcode":"","ocean_shortcode_after_title":"","ocean_shortcode_before_footer_widgets":"","ocean_shortcode_after_footer_widgets":"","ocean_shortcode_before_footer_bottom":"","ocean_shortcode_after_footer_bottom":"","ocean_display_top_bar":"default","ocean_display_header":"default","ocean_header_style":"","ocean_center_header_left_menu":"0","ocean_custom_header_template":"0","ocean_custom_logo":0,"ocean_custom_retina_logo":0,"ocean_custom_logo_max_width":0,"ocean_custom_logo_tablet_max_width":0,"ocean_custom_logo_mobile_max_width":0,"ocean_custom_logo_max_height":0,"ocean_custom_logo_tablet_max_height":0,"ocean_custom_logo_mobile_max_height":0,"ocean_header_custom_menu":"0","ocean_menu_typo_font_family":"0","ocean_menu_typo_font_subset":"","ocean_menu_typo_font_size":0,"ocean_menu_typo_font_size_tablet":0,"ocean_menu_typo_font_size_mobile":0,"ocean_menu_typo_font_size_unit":"px","ocean_menu_typo_font_weight":"","ocean_menu_typo_font_weight_tablet":"","ocean_menu_typo_font_weight_mobile":"","ocean_menu_typo_transform":"","ocean_menu_typo_transform_tablet":"","ocean_menu_typo_transform_mobile":"","ocean_menu_typo_line_height":0,"ocean_menu_typo_line_height_tablet":0,"ocean_menu_typo_line_height_mobile":0,"ocean_menu_typo_line_height_unit":"","ocean_menu_typo_spacing":0,"ocean_menu_typo_spacing_tablet":0,"ocean_menu_typo_spacing_mobile":0,"ocean_menu_typo_spacing_unit":"","ocean_menu_link_color":"","ocean_menu_link_color_hover":"","ocean_menu_link_color_active":"","ocean_menu_link_background":"","ocean_menu_link_hover_background":"","ocean_menu_link_active_background":"","ocean_menu_social_links_bg":"","ocean_menu_social_hover_links_bg":"","ocean_menu_social_links_color":"","ocean_menu_social_hover_links_color":"","ocean_disable_title":"default","ocean_disable_heading":"default","ocean_post_title":"","ocean_post_subheading":"","ocean_post_title_style":"","ocean_post_title_background_color":"","ocean_post_title_background":0,"ocean_post_title_bg_image_position":"","ocean_post_title_bg_image_attachment":"","ocean_post_title_bg_image_repeat":"","ocean_post_title_bg_image_size":"","ocean_post_title_height":0,"ocean_post_title_bg_overlay":0.5,"ocean_post_title_bg_overlay_color":"","ocean_disable_breadcrumbs":"off","ocean_breadcrumbs_color":"","ocean_breadcrumbs_separator_color":"","ocean_breadcrumbs_links_color":"","ocean_breadcrumbs_links_hover_color":"","ocean_display_footer_widgets":"default","ocean_display_footer_bottom":"default","ocean_custom_footer_template":"0","footnotes":""},"class_list":["post-346","page","type-page","status-publish","hentry","entry"],"_links":{"self":[{"href":"https:\/\/norbertracz.sk\/index.php?rest_route=\/wp\/v2\/pages\/346"}],"collection":[{"href":"https:\/\/norbertracz.sk\/index.php?rest_route=\/wp\/v2\/pages"}],"about":[{"href":"https:\/\/norbertracz.sk\/index.php?rest_route=\/wp\/v2\/types\/page"}],"author":[{"embeddable":true,"href":"https:\/\/norbertracz.sk\/index.php?rest_route=\/wp\/v2\/users\/1"}],"replies":[{"embeddable":true,"href":"https:\/\/norbertracz.sk\/index.php?rest_route=%2Fwp%2Fv2%2Fcomments&post=346"}],"version-history":[{"count":5,"href":"https:\/\/norbertracz.sk\/index.php?rest_route=\/wp\/v2\/pages\/346\/revisions"}],"predecessor-version":[{"id":1042,"href":"https:\/\/norbertracz.sk\/index.php?rest_route=\/wp\/v2\/pages\/346\/revisions\/1042"}],"wp:attachment":[{"href":"https:\/\/norbertracz.sk\/index.php?rest_route=%2Fwp%2Fv2%2Fmedia&parent=346"}],"curies":[{"name":"wp","href":"https:\/\/api.w.org\/{rel}","templated":true}]}}