{"id":439,"date":"2020-04-06T10:20:15","date_gmt":"2020-04-06T08:20:15","guid":{"rendered":"https:\/\/norbertracz.sk\/?page_id=439"},"modified":"2024-06-08T17:53:44","modified_gmt":"2024-06-08T15:53:44","slug":"zdvihnutie-modelacia-prsnikov","status":"publish","type":"page","link":"https:\/\/norbertracz.sk\/?page_id=439","title":{"rendered":"Model\u00e1cia prsn\u00edkov"},"content":{"rendered":"\t\t<div data-elementor-type=\"wp-page\" data-elementor-id=\"439\" class=\"elementor elementor-439\">\n\t\t\t\t\t\t<section class=\"elementor-section elementor-top-section elementor-element elementor-element-68a08a9 elementor-section-boxed elementor-section-height-default elementor-section-height-default\" data-id=\"68a08a9\" data-element_type=\"section\" data-e-type=\"section\">\n\t\t\t\t\t\t<div class=\"elementor-container elementor-column-gap-default\">\n\t\t\t\t\t<div class=\"elementor-column elementor-col-100 elementor-top-column elementor-element elementor-element-11d0d237\" data-id=\"11d0d237\" data-element_type=\"column\" data-e-type=\"column\">\n\t\t\t<div class=\"elementor-widget-wrap elementor-element-populated\">\n\t\t\t\t\t\t<div class=\"elementor-element elementor-element-4fd895ed elementor-widget elementor-widget-text-editor\" data-id=\"4fd895ed\" data-element_type=\"widget\" data-e-type=\"widget\" data-widget_type=\"text-editor.default\">\n\t\t\t\t<div class=\"elementor-widget-container\">\n\t\t\t\t\t\t\t\t\t<p>Zdvihnutie prsn\u00edkov alebo mastopexia men\u00ed tvar a spev\u0148uje prsn\u00edky. Je to ve\u013emi \u010dast\u00fd z\u00e1krok, ktor\u00fd Norbert R\u00e1cz vykon\u00e1va, a je ve\u013emi efekt\u00edvny sp\u00f4sob ako upravi\u0165 prsia u pacientok s poklesnut\u00fdmi alebo pr\u00e1zdnymi prsn\u00edkmi a s ve\u013emi ve\u013ek\u00fdm dvorcom.<\/p><p>Cie\u013eom oper\u00e1cie je zmeni\u0165 tvar a \u017elazu prsn\u00edkov odstr\u00e1nen\u00edm prebyto\u010dnej ko\u017ee a spevnen\u00edm tkaniva. Tento z\u00e1krok sa \u010dasto vykon\u00e1va u \u017eien, ktor\u00e9 maj\u00fa ovisnut\u00e9 prsia v d\u00f4sledku tak\u00fdch faktorov, ako je tehotenstvo, v\u00fdrazn\u00fd \u00fabytok hmotnosti alebo starnutie.<\/p><p>V mnoh\u00fdch pr\u00edpadoch horn\u00e1 \u010das\u0165 prsn\u00edkov str\u00e1ca svoju plnos\u0165, \u010do m\u00e1 za n\u00e1sledok hlbok\u00fd z\u00e1hyb prsn\u00edkov a bradavky s\u00fa \u010dasto ni\u017e\u0161ie ako ryha pod prsn\u00edkom. Zdvihnutie prsn\u00edkov rie\u0161i tieto probl\u00e9my posunut\u00edm bradavky smerom nahor, \u010d\u00edm sa dosiahne mladistvej\u0161\u00ed vzh\u013ead.<\/p><p>Okrem toho sa niektor\u00e9 \u017eeny m\u00f4\u017eu rozhodn\u00fa\u0165, \u017ee po\u010das z\u00e1kroku zdvihnutia prsn\u00edkov si nechaj\u00fa voperova\u0165 implant\u00e1t, ak si \u017eelaj\u00fa zv\u00e4\u010d\u0161i\u0165 objem. To m\u00f4\u017ee \u010falej zlep\u0161i\u0165 tvar, kont\u00fary a pevnos\u0165 p\u0155s, \u010do vedie k zlep\u0161eniu celkov\u00e9ho estetick\u00e9ho vzh\u013eadu.<\/p>\t\t\t\t\t\t\t\t<\/div>\n\t\t\t\t<\/div>\n\t\t\t\t\t<\/div>\n\t\t<\/div>\n\t\t\t\t\t<\/div>\n\t\t<\/section>\n\t\t\t\t<section class=\"elementor-section elementor-top-section elementor-element elementor-element-1cb5fed2 elementor-section-boxed elementor-section-height-default elementor-section-height-default\" data-id=\"1cb5fed2\" data-element_type=\"section\" data-e-type=\"section\">\n\t\t\t\t\t\t<div class=\"elementor-container elementor-column-gap-default\">\n\t\t\t\t\t<div class=\"elementor-column elementor-col-100 elementor-top-column elementor-element elementor-element-50f155d5\" data-id=\"50f155d5\" data-element_type=\"column\" data-e-type=\"column\">\n\t\t\t<div class=\"elementor-widget-wrap elementor-element-populated\">\n\t\t\t\t\t\t<section class=\"elementor-section elementor-inner-section elementor-element elementor-element-392dc99a elementor-section-boxed elementor-section-height-default elementor-section-height-default\" data-id=\"392dc99a\" data-element_type=\"section\" data-e-type=\"section\">\n\t\t\t\t\t\t<div class=\"elementor-container elementor-column-gap-default\">\n\t\t\t\t\t<div class=\"elementor-column elementor-col-100 elementor-inner-column elementor-element elementor-element-7520c61b\" data-id=\"7520c61b\" data-element_type=\"column\" data-e-type=\"column\">\n\t\t\t<div class=\"elementor-widget-wrap elementor-element-populated\">\n\t\t\t\t\t\t<div class=\"elementor-element elementor-element-a6be5a4 elementor-widget elementor-widget-text-editor\" data-id=\"a6be5a4\" data-element_type=\"widget\" data-e-type=\"widget\" data-widget_type=\"text-editor.default\">\n\t\t\t\t<div class=\"elementor-widget-container\">\n\t\t\t\t\t\t\t\t\t<h3 style=\"text-align: center;\">Ak\u00fd je priebeh z\u00e1kroku<\/h3>\t\t\t\t\t\t\t\t<\/div>\n\t\t\t\t<\/div>\n\t\t\t\t<div class=\"elementor-element elementor-element-1034daf4 elementor-widget elementor-widget-text-editor\" data-id=\"1034daf4\" data-element_type=\"widget\" data-e-type=\"widget\" data-widget_type=\"text-editor.default\">\n\t\t\t\t<div class=\"elementor-widget-container\">\n\t\t\t\t\t\t\t\t\t<ul><li>d\u013a\u017eka oper\u00e1cie : 2-3 hodiny<\/li><li>typ anest\u00e9zie : celkov\u00e1<\/li><li>pobyt na klinike : 1 noc<\/li><li>zotavenie po z\u00e1kroku : t\u00fd\u017ede\u0148<\/li><\/ul>\t\t\t\t\t\t\t\t<\/div>\n\t\t\t\t<\/div>\n\t\t\t\t\t<\/div>\n\t\t<\/div>\n\t\t\t\t\t<\/div>\n\t\t<\/section>\n\t\t\t\t\t<\/div>\n\t\t<\/div>\n\t\t\t\t\t<\/div>\n\t\t<\/section>\n\t\t\t\t<section class=\"elementor-section elementor-top-section elementor-element elementor-element-159389e5 elementor-section-boxed elementor-section-height-default elementor-section-height-default\" data-id=\"159389e5\" data-element_type=\"section\" data-e-type=\"section\">\n\t\t\t\t\t\t<div class=\"elementor-container elementor-column-gap-default\">\n\t\t\t\t\t<div class=\"elementor-column elementor-col-100 elementor-top-column elementor-element elementor-element-4449b6b1\" data-id=\"4449b6b1\" data-element_type=\"column\" data-e-type=\"column\">\n\t\t\t<div class=\"elementor-widget-wrap elementor-element-populated\">\n\t\t\t\t\t\t<section class=\"elementor-section elementor-inner-section elementor-element elementor-element-73bfda71 elementor-section-boxed elementor-section-height-default elementor-section-height-default\" data-id=\"73bfda71\" data-element_type=\"section\" data-e-type=\"section\">\n\t\t\t\t\t\t<div class=\"elementor-container elementor-column-gap-default\">\n\t\t\t\t\t<div class=\"elementor-column elementor-col-100 elementor-inner-column elementor-element elementor-element-292fb62a\" data-id=\"292fb62a\" data-element_type=\"column\" data-e-type=\"column\">\n\t\t\t<div class=\"elementor-widget-wrap elementor-element-populated\">\n\t\t\t\t\t\t<div class=\"elementor-element elementor-element-3d381093 elementor-widget elementor-widget-text-editor\" data-id=\"3d381093\" data-element_type=\"widget\" data-e-type=\"widget\" data-widget_type=\"text-editor.default\">\n\t\t\t\t<div class=\"elementor-widget-container\">\n\t\t\t\t\t\t\t\t\t<h3 style=\"text-align: center;\">Na\u010dastej\u0161ie ot\u00e1zky o z\u00e1kroku<\/h3>\t\t\t\t\t\t\t\t<\/div>\n\t\t\t\t<\/div>\n\t\t\t\t\t<\/div>\n\t\t<\/div>\n\t\t\t\t\t<\/div>\n\t\t<\/section>\n\t\t\t\t<section class=\"elementor-section elementor-inner-section elementor-element elementor-element-7abcf4c6 elementor-section-boxed elementor-section-height-default elementor-section-height-default\" data-id=\"7abcf4c6\" data-element_type=\"section\" data-e-type=\"section\">\n\t\t\t\t\t\t<div class=\"elementor-container elementor-column-gap-default\">\n\t\t\t\t\t<div class=\"elementor-column elementor-col-100 elementor-inner-column elementor-element elementor-element-1ecd206\" data-id=\"1ecd206\" data-element_type=\"column\" data-e-type=\"column\">\n\t\t\t<div class=\"elementor-widget-wrap elementor-element-populated\">\n\t\t\t\t\t\t<div class=\"elementor-element elementor-element-58c4a21d elementor-widget elementor-widget-toggle\" data-id=\"58c4a21d\" data-element_type=\"widget\" data-e-type=\"widget\" data-widget_type=\"toggle.default\">\n\t\t\t\t<div class=\"elementor-widget-container\">\n\t\t\t\t\t\t\t<div class=\"elementor-toggle\">\n\t\t\t\t\t\t\t<div class=\"elementor-toggle-item\">\n\t\t\t\t\t<div id=\"elementor-tab-title-1481\" class=\"elementor-tab-title\" data-tab=\"1\" role=\"button\" aria-controls=\"elementor-tab-content-1481\" aria-expanded=\"false\">\n\t\t\t\t\t\t\t\t\t\t\t\t<span class=\"elementor-toggle-icon elementor-toggle-icon-left\" aria-hidden=\"true\">\n\t\t\t\t\t\t\t\t\t\t\t\t\t\t\t<span class=\"elementor-toggle-icon-closed\"><i class=\"fas fa-caret-right\"><\/i><\/span>\n\t\t\t\t\t\t\t\t<span class=\"elementor-toggle-icon-opened\"><i class=\"elementor-toggle-icon-opened fas fa-caret-up\"><\/i><\/span>\n\t\t\t\t\t\t\t\t\t\t\t\t\t<\/span>\n\t\t\t\t\t\t\t\t\t\t\t\t<a class=\"elementor-toggle-title\" tabindex=\"0\">Priebeh z\u00e1kroku<\/a>\n\t\t\t\t\t<\/div>\n\n\t\t\t\t\t<div id=\"elementor-tab-content-1481\" class=\"elementor-tab-content elementor-clearfix\" data-tab=\"1\" role=\"region\" aria-labelledby=\"elementor-tab-title-1481\"><p>Pred za\u010dat\u00edm z\u00e1kroku liftingu prsn\u00edkov v\u00e1m plastick\u00fd chirurg zakresl\u00ed prsia, aby ozna\u010dil, kde sa urobia rezy a kde sa zmen\u00ed poloha bradavky. Existuje viacero chirurgick\u00fdch met\u00f3d na zdvihnutie prsn\u00edkov:<\/p><p>Naj\u010dastej\u0161ie sa pou\u017e\u00edv\u00e1 t\u00e1, ktor\u00e1 zah\u0155\u0148a rez okolo dvorca \u00a0a \u010fal\u0161\u00ed rez priamo dole v tvare kotvy.<br \/>Po rezoch sa odstr\u00e1ni prebyto\u010dn\u00e1 ko\u017ea a bradavka sa posunie do vy\u0161\u0161ej polohy. V pr\u00edpade potreby uprav\u00edme aj tvar bradavky. Po zdvihnut\u00ed prsn\u00edka rezy za\u0161ijeme stehmi ktor\u00e9 sa \u010dasom rozpustia.\u00a0<\/p><p>Z\u00e1krok zvy\u010dajne trv\u00e1 dve a\u017e tri \u00a0hodiny a vykon\u00e1va sa v celkovej anest\u00e9zii. Po z\u00e1kroku ost\u00e1vate jednu noc na klnike. Nos\u00edte elastick\u00fa podprsenku.\u00a0<\/p><\/div>\n\t\t\t\t<\/div>\n\t\t\t\t\t\t\t<div class=\"elementor-toggle-item\">\n\t\t\t\t\t<div id=\"elementor-tab-title-1482\" class=\"elementor-tab-title\" data-tab=\"2\" role=\"button\" aria-controls=\"elementor-tab-content-1482\" aria-expanded=\"false\">\n\t\t\t\t\t\t\t\t\t\t\t\t<span class=\"elementor-toggle-icon elementor-toggle-icon-left\" aria-hidden=\"true\">\n\t\t\t\t\t\t\t\t\t\t\t\t\t\t\t<span class=\"elementor-toggle-icon-closed\"><i class=\"fas fa-caret-right\"><\/i><\/span>\n\t\t\t\t\t\t\t\t<span class=\"elementor-toggle-icon-opened\"><i class=\"elementor-toggle-icon-opened fas fa-caret-up\"><\/i><\/span>\n\t\t\t\t\t\t\t\t\t\t\t\t\t<\/span>\n\t\t\t\t\t\t\t\t\t\t\t\t<a class=\"elementor-toggle-title\" tabindex=\"0\">Mo\u017en\u00e9 rizik\u00e1 a komplik\u00e1cie<\/a>\n\t\t\t\t\t<\/div>\n\n\t\t\t\t\t<div id=\"elementor-tab-content-1482\" class=\"elementor-tab-content elementor-clearfix\" data-tab=\"2\" role=\"region\" aria-labelledby=\"elementor-tab-title-1482\"><p>Ka\u017ed\u00fd chirurgick\u00fd z\u00e1krok je v\u017edy spojen\u00fd s rizikami. Zdvihnutie prsn\u00edkov nie je v\u00fdnimkou, ale komplik\u00e1cie s\u00fa ve\u013emi zriedkav\u00e9. Komplik\u00e1cie, ktor\u00e9 sa m\u00f4\u017eu vyskytn\u00fa\u0165, s\u00fa:<\/p><p>Zriedkav\u00e9<\/p><ul><li>Infekcia rany<br \/>Po krv\u00e1can\u00ed<\/li><li>Odch\u00fdlenie okrajov ko\u017ee v mieste jazvy<\/li><li>Zvr\u00e1snenie ko\u017ee v okol\u00ed jazvy<\/li><li>Alergick\u00e1 reakcia<\/li><\/ul><p>Ve\u013emi zriedkav\u00e9<\/p><ul><li>Necitlivos\u0165 bradaviek<\/li><li>Tvorba v\u00fdrazne zhrubnut\u00fdch jaziev<\/li><li>Nespokojnos\u0165 s estetick\u00fdm v\u00fdsledkom<\/li><li>Doj\u010denie<\/li><\/ul><p>Ak bolo odstr\u00e1nen\u00e9 \u017e\u013eazov\u00e9 tkanivo pod bradavkou alebo bola bradavka posunut\u00e1, doj\u010denie u\u017e \u010dasto nie je mo\u017en\u00e9. V\u017edy sa op\u00fdtajte svojho plastick\u00e9ho chirurga, \u010di je to v\u00e1\u0161 pr\u00edpad.<\/p><p>Jazvy<\/p><p>Jazvy s\u00fa spo\u010diatku \u010derven\u00e9 a opuchnut\u00e9, ale po \u0161iestich t\u00fd\u017ed\u0148och sa zvy\u010dajne zmiernia. Majte na pam\u00e4ti, \u017ee jazva trv\u00e1 pribli\u017ene rok a\u017e rok a pol, k\u00fdm dosiahne kone\u010dn\u00e9 \u0161t\u00e1dium. Jazvy chr\u00e1\u0148te pred slnkom a starajte sa o ne kr\u00e9mom na jazvy.\u00a0<\/p><p>Faj\u010denie<\/p><p>Presta\u0148te faj\u010di\u0165 aspo\u0148 \u0161es\u0165 t\u00fd\u017ed\u0148ov pred z\u00e1krokom a\u017e \u0161es\u0165 t\u00fd\u017ed\u0148ov po \u0148om. Faj\u010denie s\u0165ahuje cievy, \u010do m\u00f4\u017ee sp\u00f4sobi\u0165 probl\u00e9my s hojen\u00edm r\u00e1n. Riziko n\u00e1sledn\u00e9ho krv\u00e1cania sa zn\u00ed\u017ei, ke\u010f prestanete faj\u010di\u0165.<\/p><\/div>\n\t\t\t\t<\/div>\n\t\t\t\t\t\t\t<div class=\"elementor-toggle-item\">\n\t\t\t\t\t<div id=\"elementor-tab-title-1483\" class=\"elementor-tab-title\" data-tab=\"3\" role=\"button\" aria-controls=\"elementor-tab-content-1483\" aria-expanded=\"false\">\n\t\t\t\t\t\t\t\t\t\t\t\t<span class=\"elementor-toggle-icon elementor-toggle-icon-left\" aria-hidden=\"true\">\n\t\t\t\t\t\t\t\t\t\t\t\t\t\t\t<span class=\"elementor-toggle-icon-closed\"><i class=\"fas fa-caret-right\"><\/i><\/span>\n\t\t\t\t\t\t\t\t<span class=\"elementor-toggle-icon-opened\"><i class=\"elementor-toggle-icon-opened fas fa-caret-up\"><\/i><\/span>\n\t\t\t\t\t\t\t\t\t\t\t\t\t<\/span>\n\t\t\t\t\t\t\t\t\t\t\t\t<a class=\"elementor-toggle-title\" tabindex=\"0\">M\u00f4\u017eem doj\u010di\u0165 po z\u00e1kroku ?<\/a>\n\t\t\t\t\t<\/div>\n\n\t\t\t\t\t<div id=\"elementor-tab-content-1483\" class=\"elementor-tab-content elementor-clearfix\" data-tab=\"3\" role=\"region\" aria-labelledby=\"elementor-tab-title-1483\"><p>Je d\u00f4le\u017eit\u00e9 si uvedomi\u0165, \u017ee po z\u00e1kroku liftingu prsn\u00edkov m\u00f4\u017ee existova\u0165 riziko, \u017ee nebudete m\u00f4c\u0165 doj\u010di\u0165. Po\u010das liftingu prsn\u00edkov sa men\u00ed poloha bradavky, \u010do m\u00f4\u017ee potenci\u00e1lne sp\u00f4sobi\u0165 po\u0161kodenie mlie\u010dnych \u017eliaz.<\/p><\/div>\n\t\t\t\t<\/div>\n\t\t\t\t\t\t\t<div class=\"elementor-toggle-item\">\n\t\t\t\t\t<div id=\"elementor-tab-title-1484\" class=\"elementor-tab-title\" data-tab=\"4\" role=\"button\" aria-controls=\"elementor-tab-content-1484\" aria-expanded=\"false\">\n\t\t\t\t\t\t\t\t\t\t\t\t<span class=\"elementor-toggle-icon elementor-toggle-icon-left\" aria-hidden=\"true\">\n\t\t\t\t\t\t\t\t\t\t\t\t\t\t\t<span class=\"elementor-toggle-icon-closed\"><i class=\"fas fa-caret-right\"><\/i><\/span>\n\t\t\t\t\t\t\t\t<span class=\"elementor-toggle-icon-opened\"><i class=\"elementor-toggle-icon-opened fas fa-caret-up\"><\/i><\/span>\n\t\t\t\t\t\t\t\t\t\t\t\t\t<\/span>\n\t\t\t\t\t\t\t\t\t\t\t\t<a class=\"elementor-toggle-title\" tabindex=\"0\">N\u00f4\u017ee sa zmeni\u0165 citlivos\u0165 prsn\u00edkov a bradaviek ?<\/a>\n\t\t\t\t\t<\/div>\n\n\t\t\t\t\t<div id=\"elementor-tab-content-1484\" class=\"elementor-tab-content elementor-clearfix\" data-tab=\"4\" role=\"region\" aria-labelledby=\"elementor-tab-title-1484\"><p>Pocit v prsn\u00edku a bradavke po liftingu m\u00f4\u017ee by\u0165 ovplyvnen\u00fd premiestnen\u00edm bradavky a areoly. Citlivos\u0165 v okol\u00ed chirurgick\u00fdch jaziev m\u00f4\u017ee by\u0165 zmenen\u00e1 alebo zn\u00ed\u017een\u00e1.<\/p><\/div>\n\t\t\t\t<\/div>\n\t\t\t\t\t\t\t\t<\/div>\n\t\t\t\t\t\t<\/div>\n\t\t\t\t<\/div>\n\t\t\t\t\t<\/div>\n\t\t<\/div>\n\t\t\t\t\t<\/div>\n\t\t<\/section>\n\t\t\t\t\t<\/div>\n\t\t<\/div>\n\t\t\t\t\t<\/div>\n\t\t<\/section>\n\t\t\t\t<\/div>\n\t\t","protected":false},"excerpt":{"rendered":"<p>Zdvihnutie prsn\u00edkov alebo mastopexia men\u00ed tvar a spev\u0148uje prsn\u00edky. Je to ve\u013emi \u010dast\u00fd z\u00e1krok, ktor\u00fd Norbert R\u00e1cz vykon\u00e1va, a je ve\u013emi efekt\u00edvny sp\u00f4sob ako upravi\u0165 prsia u pacientok s poklesnut\u00fdmi alebo pr\u00e1zdnymi prsn\u00edkmi a s ve\u013emi ve\u013ek\u00fdm dvorcom. Cie\u013eom oper\u00e1cie je zmeni\u0165 tvar a \u017elazu prsn\u00edkov odstr\u00e1nen\u00edm prebyto\u010dnej ko\u017ee a spevnen\u00edm tkaniva. Tento z\u00e1krok sa [&hellip;]<\/p>\n","protected":false},"author":1,"featured_media":0,"parent":0,"menu_order":0,"comment_status":"closed","ping_status":"closed","template":"","meta":{"ocean_post_layout":"","ocean_both_sidebars_style":"","ocean_both_sidebars_content_width":0,"ocean_both_sidebars_sidebars_width":0,"ocean_sidebar":"0","ocean_second_sidebar":"0","ocean_disable_margins":"enable","ocean_add_body_class":"","ocean_shortcode_before_top_bar":"","ocean_shortcode_after_top_bar":"","ocean_shortcode_before_header":"","ocean_shortcode_after_header":"","ocean_has_shortcode":"","ocean_shortcode_after_title":"","ocean_shortcode_before_footer_widgets":"","ocean_shortcode_after_footer_widgets":"","ocean_shortcode_before_footer_bottom":"","ocean_shortcode_after_footer_bottom":"","ocean_display_top_bar":"default","ocean_display_header":"default","ocean_header_style":"","ocean_center_header_left_menu":"0","ocean_custom_header_template":"0","ocean_custom_logo":0,"ocean_custom_retina_logo":0,"ocean_custom_logo_max_width":0,"ocean_custom_logo_tablet_max_width":0,"ocean_custom_logo_mobile_max_width":0,"ocean_custom_logo_max_height":0,"ocean_custom_logo_tablet_max_height":0,"ocean_custom_logo_mobile_max_height":0,"ocean_header_custom_menu":"0","ocean_menu_typo_font_family":"0","ocean_menu_typo_font_subset":"","ocean_menu_typo_font_size":0,"ocean_menu_typo_font_size_tablet":0,"ocean_menu_typo_font_size_mobile":0,"ocean_menu_typo_font_size_unit":"px","ocean_menu_typo_font_weight":"","ocean_menu_typo_font_weight_tablet":"","ocean_menu_typo_font_weight_mobile":"","ocean_menu_typo_transform":"","ocean_menu_typo_transform_tablet":"","ocean_menu_typo_transform_mobile":"","ocean_menu_typo_line_height":0,"ocean_menu_typo_line_height_tablet":0,"ocean_menu_typo_line_height_mobile":0,"ocean_menu_typo_line_height_unit":"","ocean_menu_typo_spacing":0,"ocean_menu_typo_spacing_tablet":0,"ocean_menu_typo_spacing_mobile":0,"ocean_menu_typo_spacing_unit":"","ocean_menu_link_color":"","ocean_menu_link_color_hover":"","ocean_menu_link_color_active":"","ocean_menu_link_background":"","ocean_menu_link_hover_background":"","ocean_menu_link_active_background":"","ocean_menu_social_links_bg":"","ocean_menu_social_hover_links_bg":"","ocean_menu_social_links_color":"","ocean_menu_social_hover_links_color":"","ocean_disable_title":"default","ocean_disable_heading":"default","ocean_post_title":"","ocean_post_subheading":"","ocean_post_title_style":"","ocean_post_title_background_color":"","ocean_post_title_background":0,"ocean_post_title_bg_image_position":"","ocean_post_title_bg_image_attachment":"","ocean_post_title_bg_image_repeat":"","ocean_post_title_bg_image_size":"","ocean_post_title_height":0,"ocean_post_title_bg_overlay":0.5,"ocean_post_title_bg_overlay_color":"","ocean_disable_breadcrumbs":"off","ocean_breadcrumbs_color":"","ocean_breadcrumbs_separator_color":"","ocean_breadcrumbs_links_color":"","ocean_breadcrumbs_links_hover_color":"","ocean_display_footer_widgets":"default","ocean_display_footer_bottom":"default","ocean_custom_footer_template":"0","footnotes":""},"class_list":["post-439","page","type-page","status-publish","hentry","entry"],"_links":{"self":[{"href":"https:\/\/norbertracz.sk\/index.php?rest_route=\/wp\/v2\/pages\/439"}],"collection":[{"href":"https:\/\/norbertracz.sk\/index.php?rest_route=\/wp\/v2\/pages"}],"about":[{"href":"https:\/\/norbertracz.sk\/index.php?rest_route=\/wp\/v2\/types\/page"}],"author":[{"embeddable":true,"href":"https:\/\/norbertracz.sk\/index.php?rest_route=\/wp\/v2\/users\/1"}],"replies":[{"embeddable":true,"href":"https:\/\/norbertracz.sk\/index.php?rest_route=%2Fwp%2Fv2%2Fcomments&post=439"}],"version-history":[{"count":6,"href":"https:\/\/norbertracz.sk\/index.php?rest_route=\/wp\/v2\/pages\/439\/revisions"}],"predecessor-version":[{"id":1025,"href":"https:\/\/norbertracz.sk\/index.php?rest_route=\/wp\/v2\/pages\/439\/revisions\/1025"}],"wp:attachment":[{"href":"https:\/\/norbertracz.sk\/index.php?rest_route=%2Fwp%2Fv2%2Fmedia&parent=439"}],"curies":[{"name":"wp","href":"https:\/\/api.w.org\/{rel}","templated":true}]}}