{"id":450,"date":"2020-04-06T10:20:01","date_gmt":"2020-04-06T08:20:01","guid":{"rendered":"https:\/\/norbertracz.sk\/?page_id=450"},"modified":"2024-06-10T10:09:29","modified_gmt":"2024-06-10T08:09:29","slug":"zmensenie-prsnikov","status":"publish","type":"page","link":"https:\/\/norbertracz.sk\/?page_id=450","title":{"rendered":"Zmen\u0161enie prsn\u00edkov"},"content":{"rendered":"\t\t<div data-elementor-type=\"wp-page\" data-elementor-id=\"450\" class=\"elementor elementor-450\">\n\t\t\t\t\t\t<section class=\"elementor-section elementor-top-section elementor-element elementor-element-4d22e1f3 elementor-section-boxed elementor-section-height-default elementor-section-height-default\" data-id=\"4d22e1f3\" data-element_type=\"section\" data-e-type=\"section\">\n\t\t\t\t\t\t<div class=\"elementor-container elementor-column-gap-default\">\n\t\t\t\t\t<div class=\"elementor-column elementor-col-100 elementor-top-column elementor-element elementor-element-4b4f7feb\" data-id=\"4b4f7feb\" data-element_type=\"column\" data-e-type=\"column\">\n\t\t\t<div class=\"elementor-widget-wrap elementor-element-populated\">\n\t\t\t\t\t\t<div class=\"elementor-element elementor-element-6fee6b6c elementor-widget elementor-widget-text-editor\" data-id=\"6fee6b6c\" data-element_type=\"widget\" data-e-type=\"widget\" data-widget_type=\"text-editor.default\">\n\t\t\t\t<div class=\"elementor-widget-container\">\n\t\t\t\t\t\t\t\t\t<p>Oper\u00e1cia zmen\u0161enie prsn\u00edkov (redukcia) je vhodn\u00e1 pre mnoh\u00e9 \u017eeny, ktor\u00e9 maj\u00fa nadmerne ve\u013ek\u00e9 prsia, a ktor\u00e1 sa v d\u00f4sledku toho c\u00edtia nepr\u00edjemne. Okrem toho \u017ee je\u00a0\u010dasto dos\u0165 n\u00e1ro\u010dn\u00e9 n\u00e1js\u0165 vhodn\u00e9\u00a0oble\u010denie, m\u00f4\u017eu pr\u00edli\u0161 ve\u013ek\u00e9 prsia sp\u00f4sobova\u0165 aj nepr\u00edjemn\u00e9 pocity a\u017e bolesti v oblasti krku, ramien a chrbta. Ke\u010f s\u00fa va\u0161e prsia v nepomere k postave, m\u00f4\u017ee to by\u0165 sprev\u00e1dzan\u00e9 pocitmi neistoty a nepohodlia. Ak m\u00e1te tieto \u0165a\u017ekosti, rie\u0161en\u00edm m\u00f4\u017ee by\u0165 oper\u00e1cia zmen\u0161enie prsn\u00edkov.\u00a0<\/p>\t\t\t\t\t\t\t\t<\/div>\n\t\t\t\t<\/div>\n\t\t\t\t\t<\/div>\n\t\t<\/div>\n\t\t\t\t\t<\/div>\n\t\t<\/section>\n\t\t\t\t<section class=\"elementor-section elementor-top-section elementor-element elementor-element-1cad7562 elementor-section-boxed elementor-section-height-default elementor-section-height-default\" data-id=\"1cad7562\" data-element_type=\"section\" data-e-type=\"section\">\n\t\t\t\t\t\t<div class=\"elementor-container elementor-column-gap-default\">\n\t\t\t\t\t<div class=\"elementor-column elementor-col-100 elementor-top-column elementor-element elementor-element-11ed3e1b\" data-id=\"11ed3e1b\" data-element_type=\"column\" data-e-type=\"column\">\n\t\t\t<div class=\"elementor-widget-wrap elementor-element-populated\">\n\t\t\t\t\t\t<section class=\"elementor-section elementor-inner-section elementor-element elementor-element-4b5b52f2 elementor-section-boxed elementor-section-height-default elementor-section-height-default\" data-id=\"4b5b52f2\" data-element_type=\"section\" data-e-type=\"section\">\n\t\t\t\t\t\t<div class=\"elementor-container elementor-column-gap-default\">\n\t\t\t\t\t<div class=\"elementor-column elementor-col-100 elementor-inner-column elementor-element elementor-element-380e665e\" data-id=\"380e665e\" data-element_type=\"column\" data-e-type=\"column\">\n\t\t\t<div class=\"elementor-widget-wrap elementor-element-populated\">\n\t\t\t\t\t\t<div class=\"elementor-element elementor-element-7b1ae6ce elementor-widget elementor-widget-text-editor\" data-id=\"7b1ae6ce\" data-element_type=\"widget\" data-e-type=\"widget\" data-widget_type=\"text-editor.default\">\n\t\t\t\t<div class=\"elementor-widget-container\">\n\t\t\t\t\t\t\t\t\t<h3 style=\"text-align: center;\">Ak\u00fd je priebeh z\u00e1kroku<\/h3>\t\t\t\t\t\t\t\t<\/div>\n\t\t\t\t<\/div>\n\t\t\t\t<div class=\"elementor-element elementor-element-669a73ea elementor-widget elementor-widget-text-editor\" data-id=\"669a73ea\" data-element_type=\"widget\" data-e-type=\"widget\" data-widget_type=\"text-editor.default\">\n\t\t\t\t<div class=\"elementor-widget-container\">\n\t\t\t\t\t\t\t\t\t<ul><li>d\u013a\u017eka oper\u00e1cie : 2-3 hodiny<\/li><li>typ anest\u00e9zie : celkov\u00e1<\/li><li>pobyt na klinike : 1 noc<\/li><li>zotavenie po z\u00e1kroku : t\u00fd\u017ede\u0148<\/li><\/ul>\t\t\t\t\t\t\t\t<\/div>\n\t\t\t\t<\/div>\n\t\t\t\t\t<\/div>\n\t\t<\/div>\n\t\t\t\t\t<\/div>\n\t\t<\/section>\n\t\t\t\t\t<\/div>\n\t\t<\/div>\n\t\t\t\t\t<\/div>\n\t\t<\/section>\n\t\t\t\t<section class=\"elementor-section elementor-top-section elementor-element elementor-element-2ad334d9 elementor-section-boxed elementor-section-height-default elementor-section-height-default\" data-id=\"2ad334d9\" data-element_type=\"section\" data-e-type=\"section\">\n\t\t\t\t\t\t<div class=\"elementor-container elementor-column-gap-default\">\n\t\t\t\t\t<div class=\"elementor-column elementor-col-100 elementor-top-column elementor-element elementor-element-471b2c8d\" data-id=\"471b2c8d\" data-element_type=\"column\" data-e-type=\"column\">\n\t\t\t<div class=\"elementor-widget-wrap elementor-element-populated\">\n\t\t\t\t\t\t<section class=\"elementor-section elementor-inner-section elementor-element elementor-element-30ded504 elementor-section-boxed elementor-section-height-default elementor-section-height-default\" data-id=\"30ded504\" data-element_type=\"section\" data-e-type=\"section\">\n\t\t\t\t\t\t<div class=\"elementor-container elementor-column-gap-default\">\n\t\t\t\t\t<div class=\"elementor-column elementor-col-100 elementor-inner-column elementor-element elementor-element-595b0697\" data-id=\"595b0697\" data-element_type=\"column\" data-e-type=\"column\">\n\t\t\t<div class=\"elementor-widget-wrap elementor-element-populated\">\n\t\t\t\t\t\t<div class=\"elementor-element elementor-element-5b77e74a elementor-widget elementor-widget-text-editor\" data-id=\"5b77e74a\" data-element_type=\"widget\" data-e-type=\"widget\" data-widget_type=\"text-editor.default\">\n\t\t\t\t<div class=\"elementor-widget-container\">\n\t\t\t\t\t\t\t\t\t<h3 style=\"text-align: center;\">Na\u010dastej\u0161ie ot\u00e1zky o z\u00e1kroku<\/h3>\t\t\t\t\t\t\t\t<\/div>\n\t\t\t\t<\/div>\n\t\t\t\t\t<\/div>\n\t\t<\/div>\n\t\t\t\t\t<\/div>\n\t\t<\/section>\n\t\t\t\t<section class=\"elementor-section elementor-inner-section elementor-element elementor-element-75702fa3 elementor-section-boxed elementor-section-height-default elementor-section-height-default\" data-id=\"75702fa3\" data-element_type=\"section\" data-e-type=\"section\">\n\t\t\t\t\t\t<div class=\"elementor-container elementor-column-gap-default\">\n\t\t\t\t\t<div class=\"elementor-column elementor-col-100 elementor-inner-column elementor-element elementor-element-7200ff02\" data-id=\"7200ff02\" data-element_type=\"column\" data-e-type=\"column\">\n\t\t\t<div class=\"elementor-widget-wrap elementor-element-populated\">\n\t\t\t\t\t\t<div class=\"elementor-element elementor-element-32a701d9 elementor-widget elementor-widget-toggle\" data-id=\"32a701d9\" data-element_type=\"widget\" data-e-type=\"widget\" data-widget_type=\"toggle.default\">\n\t\t\t\t<div class=\"elementor-widget-container\">\n\t\t\t\t\t\t\t<div class=\"elementor-toggle\">\n\t\t\t\t\t\t\t<div class=\"elementor-toggle-item\">\n\t\t\t\t\t<div id=\"elementor-tab-title-8491\" class=\"elementor-tab-title\" data-tab=\"1\" role=\"button\" aria-controls=\"elementor-tab-content-8491\" aria-expanded=\"false\">\n\t\t\t\t\t\t\t\t\t\t\t\t<span class=\"elementor-toggle-icon elementor-toggle-icon-left\" aria-hidden=\"true\">\n\t\t\t\t\t\t\t\t\t\t\t\t\t\t\t<span class=\"elementor-toggle-icon-closed\"><i class=\"fas fa-caret-right\"><\/i><\/span>\n\t\t\t\t\t\t\t\t<span class=\"elementor-toggle-icon-opened\"><i class=\"elementor-toggle-icon-opened fas fa-caret-up\"><\/i><\/span>\n\t\t\t\t\t\t\t\t\t\t\t\t\t<\/span>\n\t\t\t\t\t\t\t\t\t\t\t\t<a class=\"elementor-toggle-title\" tabindex=\"0\">Priebeh oper\u00e1cie<\/a>\n\t\t\t\t\t<\/div>\n\n\t\t\t\t\t<div id=\"elementor-tab-content-8491\" class=\"elementor-tab-content elementor-clearfix\" data-tab=\"1\" role=\"region\" aria-labelledby=\"elementor-tab-title-8491\"><p>Oper\u00e1cii &#8211; <strong>zmen\u0161enie prsn\u00edkov<\/strong> predch\u00e1dza konzult\u00e1cia na ktorej odpovieme na v\u0161etky Va\u0161e ot\u00e1zky. Uk\u00e1\u017eeme si ako by prsia mohli vypada\u0165 po oper\u00e1cii, ak\u00e9 s\u00fa rizik\u00e1 a komplik\u00e1cie.\u00a0<\/p><p>Po\u010das oper\u00e1cie zmen\u0161enia prsn\u00edkov, ktor\u00e1 trv\u00e1 2-3 hodiny plastick\u00fd chirurg vykon\u00e1 rez okolo dvorca a v tvare kotvy smerom k ryhe pod prsn\u00edkom. Chirurg potom zmen\u0161\u00ed mlie\u010dnu \u017e\u013eazu, vytla\u010d\u00ed bradavku a dvorec do vy\u0161\u0161ej, esteticky kraj\u0161ej polohy a odstr\u00e1ni prebyto\u010dn\u00fa ko\u017eu. Rana sa uzavrie jemn\u00fdm \u0161ic\u00edm materi\u00e1lom, aby bola jazva po kone\u010dnom zahojen\u00ed a vyzret\u00ed \u010do najmenej n\u00e1padn\u00e1.<\/p><\/div>\n\t\t\t\t<\/div>\n\t\t\t\t\t\t\t<div class=\"elementor-toggle-item\">\n\t\t\t\t\t<div id=\"elementor-tab-title-8492\" class=\"elementor-tab-title\" data-tab=\"2\" role=\"button\" aria-controls=\"elementor-tab-content-8492\" aria-expanded=\"false\">\n\t\t\t\t\t\t\t\t\t\t\t\t<span class=\"elementor-toggle-icon elementor-toggle-icon-left\" aria-hidden=\"true\">\n\t\t\t\t\t\t\t\t\t\t\t\t\t\t\t<span class=\"elementor-toggle-icon-closed\"><i class=\"fas fa-caret-right\"><\/i><\/span>\n\t\t\t\t\t\t\t\t<span class=\"elementor-toggle-icon-opened\"><i class=\"elementor-toggle-icon-opened fas fa-caret-up\"><\/i><\/span>\n\t\t\t\t\t\t\t\t\t\t\t\t\t<\/span>\n\t\t\t\t\t\t\t\t\t\t\t\t<a class=\"elementor-toggle-title\" tabindex=\"0\">Poopera\u010dn\u00e1 starostlivos\u0165 po z\u00e1kroku zmen\u0161enie prsn\u00edkov<\/a>\n\t\t\t\t\t<\/div>\n\n\t\t\t\t\t<div id=\"elementor-tab-content-8492\" class=\"elementor-tab-content elementor-clearfix\" data-tab=\"2\" role=\"region\" aria-labelledby=\"elementor-tab-title-8492\"><p><span style=\"font-size: 18px; letter-spacing: 0.1px;\">Po z\u00e1kroku ost\u00e1vate cez noc na klinike a prsia m\u00f4\u017eu by\u0165 bolestiv\u00e9, opuchnut\u00e9 a m\u00f4\u017eu sa objavi\u0165 modriny.\u00a0<\/span><span style=\"font-family: Roboto, mon; font-size: 18px; font-style: normal; font-variant-caps: normal; letter-spacing: 0.1px;\">Prv\u00fd t\u00fd\u017ede\u0148 po oper\u00e1cii je nutn\u00e9 dodr\u017eiava\u0165 k\u013eudov\u00fd re\u017eim. Pod\u013ea potreby u<\/span><span style=\"font-size: 18px; letter-spacing: 0.1px;\">\u017e\u00edvate lieky od bolesti, prsia m\u00f4\u017eete osprchova\u0165 na tret\u00ed de\u0148 po oper\u00e1cii. Na prv\u00fa kontrolu pr\u00eddete t\u00fd\u017ede\u0148 po oper\u00e1cii. Po t\u00fd\u017edni je mo\u017en\u00e9 vykon\u00e1va\u0165 \u013eahk\u00fa kancel\u00e1rsku pr\u00e1cu, av\u0161ak je nutn\u00e9 sa vyhn\u00fa\u0165 za\u0165a\u017eovaniu prsn\u00e9ho svalu, napr\u00edklad zdv\u00edhaniu \u0165a\u017ek\u00fdch predmetov alebo mal\u00fdch det\u00ed.<\/span><\/p><p><span style=\"font-size: 18px; letter-spacing: 0.1px;\">Lahk\u00fa kancel\u00e1rsku pr\u00e1cu mo\u017eno vykon\u00e1va\u0165 t\u00fd\u017ede\u0148 po z\u00e1kroku zmen\u0161enie prsn\u00edkov. \u00a0U \u017eien, ktor\u00e9 vykon\u00e1vaj\u00fa \u0165a\u017e\u0161iu fyzick\u00fa \u010dinnos\u0165, je vhodn\u00e9 e\u0161te aspo\u0148 dva t\u00fd\u017edne po\u010dka\u0165. V\u00e4\u010d\u0161ina opuchu sa v priebehu 6 a\u017e 8 t\u00fd\u017ed\u0148ov strat\u00ed a prsia zm\u00e4kn\u00fa a za\u010dn\u00fa sa us\u00e1dza\u0165 do nov\u00e9ho, prirodzen\u00e9ho tvaru.<\/span><\/p><\/div>\n\t\t\t\t<\/div>\n\t\t\t\t\t\t\t<div class=\"elementor-toggle-item\">\n\t\t\t\t\t<div id=\"elementor-tab-title-8493\" class=\"elementor-tab-title\" data-tab=\"3\" role=\"button\" aria-controls=\"elementor-tab-content-8493\" aria-expanded=\"false\">\n\t\t\t\t\t\t\t\t\t\t\t\t<span class=\"elementor-toggle-icon elementor-toggle-icon-left\" aria-hidden=\"true\">\n\t\t\t\t\t\t\t\t\t\t\t\t\t\t\t<span class=\"elementor-toggle-icon-closed\"><i class=\"fas fa-caret-right\"><\/i><\/span>\n\t\t\t\t\t\t\t\t<span class=\"elementor-toggle-icon-opened\"><i class=\"elementor-toggle-icon-opened fas fa-caret-up\"><\/i><\/span>\n\t\t\t\t\t\t\t\t\t\t\t\t\t<\/span>\n\t\t\t\t\t\t\t\t\t\t\t\t<a class=\"elementor-toggle-title\" tabindex=\"0\">Rizik\u00e1 a mo\u017en\u00e9 komplik\u00e1cie<\/a>\n\t\t\t\t\t<\/div>\n\n\t\t\t\t\t<div id=\"elementor-tab-content-8493\" class=\"elementor-tab-content elementor-clearfix\" data-tab=\"3\" role=\"region\" aria-labelledby=\"elementor-tab-title-8493\"><p>Chirurgick\u00fd z\u00e1krok je v\u017edy spojen\u00fd s rizikami. Zmen\u0161enie prsn\u00edkov nie je v\u00fdnimkou, riziko komplik\u00e1ci\u00ed je v\u0161ak mal\u00e9. Zriedkav\u00e9 komplik\u00e1cie, ktor\u00e9 sa m\u00f4\u017eu vyskytn\u00fa\u0165, s\u00fa:<\/p><ul><li>Krv\u00e1canie po oper\u00e1cii<\/li><li>Opuch alebo infekcia v okol\u00ed opera\u010dnej oblasti;<\/li><li>Asymetria prsn\u00edkov;<\/li><li>Alergick\u00e1 reakcia;<\/li><li>Neuspokojiv\u00fd estetick\u00fd v\u00fdsledok;<\/li><li>Menej pekn\u00e1 jazva.<\/li><\/ul><p>Pri zva\u017eovan\u00ed oper\u00e1cie zmen\u0161enia prsn\u00edkov je d\u00f4le\u017eit\u00e9 zv\u00e1\u017ei\u0165, \u010di chcete v bud\u00facnosti doj\u010di\u0165. Premiestnen\u00edm bradaviek a odstr\u00e1nen\u00edm \u017e\u013eazov\u00e9ho tkaniva existuje mo\u017enos\u0165, \u017ee budete m\u00f4c\u0165 doj\u010di\u0165 menej alebo v\u00f4bec.\u00a0<\/p><\/div>\n\t\t\t\t<\/div>\n\t\t\t\t\t\t\t<div class=\"elementor-toggle-item\">\n\t\t\t\t\t<div id=\"elementor-tab-title-8494\" class=\"elementor-tab-title\" data-tab=\"4\" role=\"button\" aria-controls=\"elementor-tab-content-8494\" aria-expanded=\"false\">\n\t\t\t\t\t\t\t\t\t\t\t\t<span class=\"elementor-toggle-icon elementor-toggle-icon-left\" aria-hidden=\"true\">\n\t\t\t\t\t\t\t\t\t\t\t\t\t\t\t<span class=\"elementor-toggle-icon-closed\"><i class=\"fas fa-caret-right\"><\/i><\/span>\n\t\t\t\t\t\t\t\t<span class=\"elementor-toggle-icon-opened\"><i class=\"elementor-toggle-icon-opened fas fa-caret-up\"><\/i><\/span>\n\t\t\t\t\t\t\t\t\t\t\t\t\t<\/span>\n\t\t\t\t\t\t\t\t\t\t\t\t<a class=\"elementor-toggle-title\" tabindex=\"0\">Pretrv\u00e1vanie v\u00fdsledku zmen\u0161enia prsn\u00edkov<\/a>\n\t\t\t\t\t<\/div>\n\n\t\t\t\t\t<div id=\"elementor-tab-content-8494\" class=\"elementor-tab-content elementor-clearfix\" data-tab=\"4\" role=\"region\" aria-labelledby=\"elementor-tab-title-8494\"><p>Zmen\u0161enie prsn\u00edkov je trval\u00e9 a prin\u00e1\u0161a \u00fa\u013eavu od zdravotn\u00fdch probl\u00e9mov, zlep\u0161uje pocit spokojnosti s vlastn\u00fdm telom a prispieva k zv\u00fd\u0161eniu sebavedomia. Z\u00e1krok v\u0161ak nedok\u00e1\u017ee zabr\u00e1ni\u0165 p\u00f4sobeniu \u010dasu a gravit\u00e1cie a prsia m\u00f4\u017eu v priebehu rokov ovisn\u00fa\u0165. V takom pr\u00edpade sa m\u00f4\u017ee vykona\u0165 ich model\u00e1cia.<\/p><\/div>\n\t\t\t\t<\/div>\n\t\t\t\t\t\t\t\t<\/div>\n\t\t\t\t\t\t<\/div>\n\t\t\t\t<\/div>\n\t\t\t\t\t<\/div>\n\t\t<\/div>\n\t\t\t\t\t<\/div>\n\t\t<\/section>\n\t\t\t\t\t<\/div>\n\t\t<\/div>\n\t\t\t\t\t<\/div>\n\t\t<\/section>\n\t\t\t\t<\/div>\n\t\t","protected":false},"excerpt":{"rendered":"<p>Oper\u00e1cia zmen\u0161enie prsn\u00edkov (redukcia) je vhodn\u00e1 pre mnoh\u00e9 \u017eeny, ktor\u00e9 maj\u00fa nadmerne ve\u013ek\u00e9 prsia, a ktor\u00e1 sa v d\u00f4sledku toho c\u00edtia nepr\u00edjemne. Okrem toho \u017ee je\u00a0\u010dasto dos\u0165 n\u00e1ro\u010dn\u00e9 n\u00e1js\u0165 vhodn\u00e9\u00a0oble\u010denie, m\u00f4\u017eu pr\u00edli\u0161 ve\u013ek\u00e9 prsia sp\u00f4sobova\u0165 aj nepr\u00edjemn\u00e9 pocity a\u017e bolesti v oblasti krku, ramien a chrbta. Ke\u010f s\u00fa va\u0161e prsia v nepomere k postave, m\u00f4\u017ee [&hellip;]<\/p>\n","protected":false},"author":1,"featured_media":0,"parent":0,"menu_order":0,"comment_status":"closed","ping_status":"closed","template":"","meta":{"ocean_post_layout":"","ocean_both_sidebars_style":"","ocean_both_sidebars_content_width":0,"ocean_both_sidebars_sidebars_width":0,"ocean_sidebar":"0","ocean_second_sidebar":"0","ocean_disable_margins":"enable","ocean_add_body_class":"","ocean_shortcode_before_top_bar":"","ocean_shortcode_after_top_bar":"","ocean_shortcode_before_header":"","ocean_shortcode_after_header":"","ocean_has_shortcode":"","ocean_shortcode_after_title":"","ocean_shortcode_before_footer_widgets":"","ocean_shortcode_after_footer_widgets":"","ocean_shortcode_before_footer_bottom":"","ocean_shortcode_after_footer_bottom":"","ocean_display_top_bar":"default","ocean_display_header":"default","ocean_header_style":"","ocean_center_header_left_menu":"0","ocean_custom_header_template":"0","ocean_custom_logo":0,"ocean_custom_retina_logo":0,"ocean_custom_logo_max_width":0,"ocean_custom_logo_tablet_max_width":0,"ocean_custom_logo_mobile_max_width":0,"ocean_custom_logo_max_height":0,"ocean_custom_logo_tablet_max_height":0,"ocean_custom_logo_mobile_max_height":0,"ocean_header_custom_menu":"0","ocean_menu_typo_font_family":"0","ocean_menu_typo_font_subset":"","ocean_menu_typo_font_size":0,"ocean_menu_typo_font_size_tablet":0,"ocean_menu_typo_font_size_mobile":0,"ocean_menu_typo_font_size_unit":"px","ocean_menu_typo_font_weight":"","ocean_menu_typo_font_weight_tablet":"","ocean_menu_typo_font_weight_mobile":"","ocean_menu_typo_transform":"","ocean_menu_typo_transform_tablet":"","ocean_menu_typo_transform_mobile":"","ocean_menu_typo_line_height":0,"ocean_menu_typo_line_height_tablet":0,"ocean_menu_typo_line_height_mobile":0,"ocean_menu_typo_line_height_unit":"","ocean_menu_typo_spacing":0,"ocean_menu_typo_spacing_tablet":0,"ocean_menu_typo_spacing_mobile":0,"ocean_menu_typo_spacing_unit":"","ocean_menu_link_color":"","ocean_menu_link_color_hover":"","ocean_menu_link_color_active":"","ocean_menu_link_background":"","ocean_menu_link_hover_background":"","ocean_menu_link_active_background":"","ocean_menu_social_links_bg":"","ocean_menu_social_hover_links_bg":"","ocean_menu_social_links_color":"","ocean_menu_social_hover_links_color":"","ocean_disable_title":"default","ocean_disable_heading":"default","ocean_post_title":"","ocean_post_subheading":"","ocean_post_title_style":"","ocean_post_title_background_color":"","ocean_post_title_background":0,"ocean_post_title_bg_image_position":"","ocean_post_title_bg_image_attachment":"","ocean_post_title_bg_image_repeat":"","ocean_post_title_bg_image_size":"","ocean_post_title_height":0,"ocean_post_title_bg_overlay":0.5,"ocean_post_title_bg_overlay_color":"","ocean_disable_breadcrumbs":"off","ocean_breadcrumbs_color":"","ocean_breadcrumbs_separator_color":"","ocean_breadcrumbs_links_color":"","ocean_breadcrumbs_links_hover_color":"","ocean_display_footer_widgets":"default","ocean_display_footer_bottom":"default","ocean_custom_footer_template":"0","footnotes":""},"class_list":["post-450","page","type-page","status-publish","hentry","entry"],"_links":{"self":[{"href":"https:\/\/norbertracz.sk\/index.php?rest_route=\/wp\/v2\/pages\/450"}],"collection":[{"href":"https:\/\/norbertracz.sk\/index.php?rest_route=\/wp\/v2\/pages"}],"about":[{"href":"https:\/\/norbertracz.sk\/index.php?rest_route=\/wp\/v2\/types\/page"}],"author":[{"embeddable":true,"href":"https:\/\/norbertracz.sk\/index.php?rest_route=\/wp\/v2\/users\/1"}],"replies":[{"embeddable":true,"href":"https:\/\/norbertracz.sk\/index.php?rest_route=%2Fwp%2Fv2%2Fcomments&post=450"}],"version-history":[{"count":6,"href":"https:\/\/norbertracz.sk\/index.php?rest_route=\/wp\/v2\/pages\/450\/revisions"}],"predecessor-version":[{"id":1148,"href":"https:\/\/norbertracz.sk\/index.php?rest_route=\/wp\/v2\/pages\/450\/revisions\/1148"}],"wp:attachment":[{"href":"https:\/\/norbertracz.sk\/index.php?rest_route=%2Fwp%2Fv2%2Fmedia&parent=450"}],"curies":[{"name":"wp","href":"https:\/\/api.w.org\/{rel}","templated":true}]}}