{"id":573,"date":"2020-04-06T14:51:19","date_gmt":"2020-04-06T12:51:19","guid":{"rendered":"https:\/\/norbertracz.sk\/?page_id=573"},"modified":"2026-05-01T19:04:13","modified_gmt":"2026-05-01T17:04:13","slug":"zakroky","status":"publish","type":"page","link":"https:\/\/norbertracz.sk\/zakroky\/","title":{"rendered":"Oper\u00e1cie"},"content":{"rendered":"\t\t<div data-elementor-type=\"wp-page\" data-elementor-id=\"573\" class=\"elementor elementor-573\">\n\t\t\t\t\t\t<section class=\"elementor-section elementor-top-section elementor-element elementor-element-2efe3a4 elementor-section-boxed elementor-section-height-default elementor-section-height-default\" data-id=\"2efe3a4\" data-element_type=\"section\" data-e-type=\"section\">\n\t\t\t\t\t\t<div class=\"elementor-container elementor-column-gap-default\">\n\t\t\t\t\t<div class=\"elementor-column elementor-col-100 elementor-top-column elementor-element elementor-element-78901da\" data-id=\"78901da\" data-element_type=\"column\" data-e-type=\"column\">\n\t\t\t<div class=\"elementor-widget-wrap elementor-element-populated\">\n\t\t\t\t\t\t<div class=\"elementor-element elementor-element-c80ac18 elementor-widget elementor-widget-text-editor\" data-id=\"c80ac18\" data-element_type=\"widget\" data-e-type=\"widget\" data-widget_type=\"text-editor.default\">\n\t\t\t\t<div class=\"elementor-widget-container\">\n\t\t\t\t\t\t\t\t\t<p>Estetick\u00e1 oper\u00e1cia by mala by\u0165 ve\u013emi pozit\u00edvnou a \u017eivot zlep\u0161uj\u00facou sk\u00fasenos\u0165ou. Je to v\u0161ak ve\u013emi osobn\u00e9 rozhodnutie a je pochopite\u013en\u00e9, \u017ee sa vyn\u00e1ra mno\u017estvo ot\u00e1zok. Je tie\u017e ve\u013emi d\u00f4le\u017eit\u00e9, aby boli pacienti plne informovan\u00ed o o\u010dak\u00e1vanom v\u00fdsledku, rekonvalescencii a rizik\u00e1ch.<\/p>\n<p>Inform\u00e1cie v tejto \u010dasti s\u00fa orienta\u010dn\u00fdm sprievodcom pre pacientov, ktor\u00ed zva\u017euj\u00fa chirurgick\u00fd z\u00e1krok.<\/p>\t\t\t\t\t\t\t\t<\/div>\n\t\t\t\t<\/div>\n\t\t\t\t\t<\/div>\n\t\t<\/div>\n\t\t\t\t\t<\/div>\n\t\t<\/section>\n\t\t\t\t<\/div>\n\t\t","protected":false},"excerpt":{"rendered":"<p>Estetick\u00e1 oper\u00e1cia by mala by\u0165 ve\u013emi pozit\u00edvnou a \u017eivot zlep\u0161uj\u00facou sk\u00fasenos\u0165ou. Je to v\u0161ak ve\u013emi osobn\u00e9 rozhodnutie a je pochopite\u013en\u00e9, \u017ee sa vyn\u00e1ra mno\u017estvo ot\u00e1zok. Je tie\u017e ve\u013emi d\u00f4le\u017eit\u00e9, aby boli pacienti plne informovan\u00ed o o\u010dak\u00e1vanom v\u00fdsledku, rekonvalescencii a rizik\u00e1ch. Inform\u00e1cie v tejto \u010dasti s\u00fa orienta\u010dn\u00fdm sprievodcom pre pacientov, ktor\u00ed zva\u017euj\u00fa chirurgick\u00fd z\u00e1krok.<\/p>\n","protected":false},"author":1,"featured_media":0,"parent":0,"menu_order":0,"comment_status":"closed","ping_status":"closed","template":"","meta":{"ocean_post_layout":"","ocean_both_sidebars_style":"","ocean_both_sidebars_content_width":0,"ocean_both_sidebars_sidebars_width":0,"ocean_sidebar":"0","ocean_second_sidebar":"0","ocean_disable_margins":"enable","ocean_add_body_class":"","ocean_shortcode_before_top_bar":"","ocean_shortcode_after_top_bar":"","ocean_shortcode_before_header":"","ocean_shortcode_after_header":"","ocean_has_shortcode":"","ocean_shortcode_after_title":"","ocean_shortcode_before_footer_widgets":"","ocean_shortcode_after_footer_widgets":"","ocean_shortcode_before_footer_bottom":"","ocean_shortcode_after_footer_bottom":"","ocean_display_top_bar":"default","ocean_display_header":"default","ocean_header_style":"","ocean_center_header_left_menu":"0","ocean_custom_header_template":"0","ocean_custom_logo":0,"ocean_custom_retina_logo":0,"ocean_custom_logo_max_width":0,"ocean_custom_logo_tablet_max_width":0,"ocean_custom_logo_mobile_max_width":0,"ocean_custom_logo_max_height":0,"ocean_custom_logo_tablet_max_height":0,"ocean_custom_logo_mobile_max_height":0,"ocean_header_custom_menu":"0","ocean_menu_typo_font_family":"0","ocean_menu_typo_font_subset":"","ocean_menu_typo_font_size":0,"ocean_menu_typo_font_size_tablet":0,"ocean_menu_typo_font_size_mobile":0,"ocean_menu_typo_font_size_unit":"px","ocean_menu_typo_font_weight":"","ocean_menu_typo_font_weight_tablet":"","ocean_menu_typo_font_weight_mobile":"","ocean_menu_typo_transform":"","ocean_menu_typo_transform_tablet":"","ocean_menu_typo_transform_mobile":"","ocean_menu_typo_line_height":0,"ocean_menu_typo_line_height_tablet":0,"ocean_menu_typo_line_height_mobile":0,"ocean_menu_typo_line_height_unit":"","ocean_menu_typo_spacing":0,"ocean_menu_typo_spacing_tablet":0,"ocean_menu_typo_spacing_mobile":0,"ocean_menu_typo_spacing_unit":"","ocean_menu_link_color":"","ocean_menu_link_color_hover":"","ocean_menu_link_color_active":"","ocean_menu_link_background":"","ocean_menu_link_hover_background":"","ocean_menu_link_active_background":"","ocean_menu_social_links_bg":"","ocean_menu_social_hover_links_bg":"","ocean_menu_social_links_color":"","ocean_menu_social_hover_links_color":"","ocean_disable_title":"default","ocean_disable_heading":"default","ocean_post_title":"","ocean_post_subheading":"","ocean_post_title_style":"","ocean_post_title_background_color":"","ocean_post_title_background":0,"ocean_post_title_bg_image_position":"","ocean_post_title_bg_image_attachment":"","ocean_post_title_bg_image_repeat":"","ocean_post_title_bg_image_size":"","ocean_post_title_height":0,"ocean_post_title_bg_overlay":0.5,"ocean_post_title_bg_overlay_color":"","ocean_disable_breadcrumbs":"off","ocean_breadcrumbs_color":"","ocean_breadcrumbs_separator_color":"","ocean_breadcrumbs_links_color":"","ocean_breadcrumbs_links_hover_color":"","ocean_display_footer_widgets":"default","ocean_display_footer_bottom":"default","ocean_custom_footer_template":"0","footnotes":""},"class_list":["post-573","page","type-page","status-publish","hentry","entry"],"_links":{"self":[{"href":"https:\/\/norbertracz.sk\/wp-json\/wp\/v2\/pages\/573"}],"collection":[{"href":"https:\/\/norbertracz.sk\/wp-json\/wp\/v2\/pages"}],"about":[{"href":"https:\/\/norbertracz.sk\/wp-json\/wp\/v2\/types\/page"}],"author":[{"embeddable":true,"href":"https:\/\/norbertracz.sk\/wp-json\/wp\/v2\/users\/1"}],"replies":[{"embeddable":true,"href":"https:\/\/norbertracz.sk\/wp-json\/wp\/v2\/comments?post=573"}],"version-history":[{"count":6,"href":"https:\/\/norbertracz.sk\/wp-json\/wp\/v2\/pages\/573\/revisions"}],"predecessor-version":[{"id":950,"href":"https:\/\/norbertracz.sk\/wp-json\/wp\/v2\/pages\/573\/revisions\/950"}],"wp:attachment":[{"href":"https:\/\/norbertracz.sk\/wp-json\/wp\/v2\/media?parent=573"}],"curies":[{"name":"wp","href":"https:\/\/api.w.org\/{rel}","templated":true}]}}