{"id":617,"date":"2020-04-15T07:49:18","date_gmt":"2020-04-15T05:49:18","guid":{"rendered":"https:\/\/norbertracz.sk\/?page_id=617"},"modified":"2024-06-08T17:58:42","modified_gmt":"2024-06-08T15:58:42","slug":"operacia-ocnych-viecok","status":"publish","type":"page","link":"https:\/\/norbertracz.sk\/?page_id=617","title":{"rendered":"Oper\u00e1cia o\u010dn\u00fdch vie\u010dok"},"content":{"rendered":"\t\t<div data-elementor-type=\"wp-page\" data-elementor-id=\"617\" class=\"elementor elementor-617\">\n\t\t\t\t\t\t<section class=\"elementor-section elementor-top-section elementor-element elementor-element-34aab794 elementor-section-boxed elementor-section-height-default elementor-section-height-default\" data-id=\"34aab794\" data-element_type=\"section\" data-e-type=\"section\">\n\t\t\t\t\t\t<div class=\"elementor-container elementor-column-gap-default\">\n\t\t\t\t\t<div class=\"elementor-column elementor-col-100 elementor-top-column elementor-element elementor-element-60e0b967\" data-id=\"60e0b967\" data-element_type=\"column\" data-e-type=\"column\">\n\t\t\t<div class=\"elementor-widget-wrap elementor-element-populated\">\n\t\t\t\t\t\t<div class=\"elementor-element elementor-element-3d8df226 elementor-widget elementor-widget-text-editor\" data-id=\"3d8df226\" data-element_type=\"widget\" data-e-type=\"widget\" data-widget_type=\"text-editor.default\">\n\t\t\t\t<div class=\"elementor-widget-container\">\n\t\t\t\t\t\t\t\t\t<p>Vekom doch\u00e1dza ku strate elasticity ko\u017ee a na horn\u00fdch alebo doln\u00fdch vie\u010dkach sa vytv\u00e1raj\u00fa z\u00e1hyby &#8211; vr\u00e1sky sp\u00f4soben\u00e9 nadbytkom ko\u017ee. Nadbytok ko\u017ee m\u00f4\u017ee sp\u00f4sobi\u0165 aj \u00fanavu o\u010d\u00ed. <strong>Oper\u00e1cia o\u010dn\u00fdch vie\u010dok<\/strong> odstr\u00e1ni t\u00fato nadbyto\u010dn\u00fa a ko\u017eu v oblasti vie\u010dok<\/p>\t\t\t\t\t\t\t\t<\/div>\n\t\t\t\t<\/div>\n\t\t\t\t\t<\/div>\n\t\t<\/div>\n\t\t\t\t\t<\/div>\n\t\t<\/section>\n\t\t\t\t<section class=\"elementor-section elementor-top-section elementor-element elementor-element-14006efd elementor-section-boxed elementor-section-height-default elementor-section-height-default\" data-id=\"14006efd\" data-element_type=\"section\" data-e-type=\"section\">\n\t\t\t\t\t\t<div class=\"elementor-container elementor-column-gap-default\">\n\t\t\t\t\t<div class=\"elementor-column elementor-col-100 elementor-top-column elementor-element elementor-element-6379dc32\" data-id=\"6379dc32\" data-element_type=\"column\" data-e-type=\"column\">\n\t\t\t<div class=\"elementor-widget-wrap elementor-element-populated\">\n\t\t\t\t\t\t<section class=\"elementor-section elementor-inner-section elementor-element elementor-element-6e255e9c elementor-section-boxed elementor-section-height-default elementor-section-height-default\" data-id=\"6e255e9c\" data-element_type=\"section\" data-e-type=\"section\">\n\t\t\t\t\t\t<div class=\"elementor-container elementor-column-gap-default\">\n\t\t\t\t\t<div class=\"elementor-column elementor-col-100 elementor-inner-column elementor-element elementor-element-1ee38dad\" data-id=\"1ee38dad\" data-element_type=\"column\" data-e-type=\"column\">\n\t\t\t<div class=\"elementor-widget-wrap elementor-element-populated\">\n\t\t\t\t\t\t<div class=\"elementor-element elementor-element-235eddc6 elementor-widget elementor-widget-text-editor\" data-id=\"235eddc6\" data-element_type=\"widget\" data-e-type=\"widget\" data-widget_type=\"text-editor.default\">\n\t\t\t\t<div class=\"elementor-widget-container\">\n\t\t\t\t\t\t\t\t\t<h3 style=\"text-align: center;\">Ak\u00fd je priebeh z\u00e1kroku<\/h3>\t\t\t\t\t\t\t\t<\/div>\n\t\t\t\t<\/div>\n\t\t\t\t<div class=\"elementor-element elementor-element-1ea1ab80 elementor-widget elementor-widget-text-editor\" data-id=\"1ea1ab80\" data-element_type=\"widget\" data-e-type=\"widget\" data-widget_type=\"text-editor.default\">\n\t\t\t\t<div class=\"elementor-widget-container\">\n\t\t\t\t\t\t\t\t\t<ul><li>d\u013a\u017eka oper\u00e1cie : pribli\u017ene 1 hodina<\/li><li>typ anest\u00e9zie : lok\u00e1lna<\/li><li>pobyt na klinike : po z\u00e1kroku odch\u00e1dzate domov<\/li><li>zotavenie po z\u00e1kroku : t\u00fd\u017ede\u0148<\/li><\/ul>\t\t\t\t\t\t\t\t<\/div>\n\t\t\t\t<\/div>\n\t\t\t\t\t<\/div>\n\t\t<\/div>\n\t\t\t\t\t<\/div>\n\t\t<\/section>\n\t\t\t\t\t<\/div>\n\t\t<\/div>\n\t\t\t\t\t<\/div>\n\t\t<\/section>\n\t\t\t\t<section class=\"elementor-section elementor-top-section elementor-element elementor-element-1ecdd51f elementor-section-boxed elementor-section-height-default elementor-section-height-default\" data-id=\"1ecdd51f\" data-element_type=\"section\" data-e-type=\"section\">\n\t\t\t\t\t\t<div class=\"elementor-container elementor-column-gap-default\">\n\t\t\t\t\t<div class=\"elementor-column elementor-col-100 elementor-top-column elementor-element elementor-element-2a73d73d\" data-id=\"2a73d73d\" data-element_type=\"column\" data-e-type=\"column\">\n\t\t\t<div class=\"elementor-widget-wrap elementor-element-populated\">\n\t\t\t\t\t\t<section class=\"elementor-section elementor-inner-section elementor-element elementor-element-1ab00a0e elementor-section-boxed elementor-section-height-default elementor-section-height-default\" data-id=\"1ab00a0e\" data-element_type=\"section\" data-e-type=\"section\">\n\t\t\t\t\t\t<div class=\"elementor-container elementor-column-gap-default\">\n\t\t\t\t\t<div class=\"elementor-column elementor-col-100 elementor-inner-column elementor-element elementor-element-26cbac5e\" data-id=\"26cbac5e\" data-element_type=\"column\" data-e-type=\"column\">\n\t\t\t<div class=\"elementor-widget-wrap elementor-element-populated\">\n\t\t\t\t\t\t<div class=\"elementor-element elementor-element-666acf82 elementor-widget elementor-widget-text-editor\" data-id=\"666acf82\" data-element_type=\"widget\" data-e-type=\"widget\" data-widget_type=\"text-editor.default\">\n\t\t\t\t<div class=\"elementor-widget-container\">\n\t\t\t\t\t\t\t\t\t<h3 style=\"text-align: center;\">Na\u010dastej\u0161ie ot\u00e1zky o z\u00e1kroku<\/h3>\t\t\t\t\t\t\t\t<\/div>\n\t\t\t\t<\/div>\n\t\t\t\t\t<\/div>\n\t\t<\/div>\n\t\t\t\t\t<\/div>\n\t\t<\/section>\n\t\t\t\t<section class=\"elementor-section elementor-inner-section elementor-element elementor-element-3981b4da elementor-section-boxed elementor-section-height-default elementor-section-height-default\" data-id=\"3981b4da\" data-element_type=\"section\" data-e-type=\"section\">\n\t\t\t\t\t\t<div class=\"elementor-container elementor-column-gap-default\">\n\t\t\t\t\t<div class=\"elementor-column elementor-col-100 elementor-inner-column elementor-element elementor-element-12d01f23\" data-id=\"12d01f23\" data-element_type=\"column\" data-e-type=\"column\">\n\t\t\t<div class=\"elementor-widget-wrap elementor-element-populated\">\n\t\t\t\t\t\t<div class=\"elementor-element elementor-element-247165c8 elementor-widget elementor-widget-toggle\" data-id=\"247165c8\" data-element_type=\"widget\" data-e-type=\"widget\" data-widget_type=\"toggle.default\">\n\t\t\t\t<div class=\"elementor-widget-container\">\n\t\t\t\t\t\t\t<div class=\"elementor-toggle\">\n\t\t\t\t\t\t\t<div class=\"elementor-toggle-item\">\n\t\t\t\t\t<div id=\"elementor-tab-title-6111\" class=\"elementor-tab-title\" data-tab=\"1\" role=\"button\" aria-controls=\"elementor-tab-content-6111\" aria-expanded=\"false\">\n\t\t\t\t\t\t\t\t\t\t\t\t<span class=\"elementor-toggle-icon elementor-toggle-icon-left\" aria-hidden=\"true\">\n\t\t\t\t\t\t\t\t\t\t\t\t\t\t\t<span class=\"elementor-toggle-icon-closed\"><i class=\"fas fa-caret-right\"><\/i><\/span>\n\t\t\t\t\t\t\t\t<span class=\"elementor-toggle-icon-opened\"><i class=\"elementor-toggle-icon-opened fas fa-caret-up\"><\/i><\/span>\n\t\t\t\t\t\t\t\t\t\t\t\t\t<\/span>\n\t\t\t\t\t\t\t\t\t\t\t\t<a class=\"elementor-toggle-title\" tabindex=\"0\">Priebeh oper\u00e1cie<\/a>\n\t\t\t\t\t<\/div>\n\n\t\t\t\t\t<div id=\"elementor-tab-content-6111\" class=\"elementor-tab-content elementor-clearfix\" data-tab=\"1\" role=\"region\" aria-labelledby=\"elementor-tab-title-6111\"><p>Pod\u013ea potreby sa operuj\u00fa len horn\u00e9, doln\u00e9 alebo oboje vie\u010dok naraz.\u00a0 Pri z\u00e1kroku <strong>oper\u00e1cia vie\u010dok<\/strong> sa odstra\u0148uje nadbytok ko\u017ee, a z\u00e1rove\u0148 pod\u013ea potreby sa redukuj\u00fa tukov\u00e9 va\u010dky ktor\u00e9 sa nach\u00e1dzaj\u00fa okolo o\u010d\u00ed.\u00a0<\/p><p><strong>Jazva<\/strong> je umiestnen\u00e1 pri horn\u00fdch vie\u010dkach v mieste prireodzen\u00e9ho z\u00e1hybu ko\u017ee, pri doln\u00fdch vie\u010dkach je umiestnen\u00e1 tesne pod riasami mihaln\u00edc.\u00a0<\/p><p>Z\u00e1krok oper\u00e1cia vie\u010dok sa prev\u00e1dza <strong>v lok\u00e1lnej anest\u00e9zii<\/strong>, po z\u00e1kroku odch\u00e1dzate domov.\u00a0<\/p><\/div>\n\t\t\t\t<\/div>\n\t\t\t\t\t\t\t<div class=\"elementor-toggle-item\">\n\t\t\t\t\t<div id=\"elementor-tab-title-6112\" class=\"elementor-tab-title\" data-tab=\"2\" role=\"button\" aria-controls=\"elementor-tab-content-6112\" aria-expanded=\"false\">\n\t\t\t\t\t\t\t\t\t\t\t\t<span class=\"elementor-toggle-icon elementor-toggle-icon-left\" aria-hidden=\"true\">\n\t\t\t\t\t\t\t\t\t\t\t\t\t\t\t<span class=\"elementor-toggle-icon-closed\"><i class=\"fas fa-caret-right\"><\/i><\/span>\n\t\t\t\t\t\t\t\t<span class=\"elementor-toggle-icon-opened\"><i class=\"elementor-toggle-icon-opened fas fa-caret-up\"><\/i><\/span>\n\t\t\t\t\t\t\t\t\t\t\t\t\t<\/span>\n\t\t\t\t\t\t\t\t\t\t\t\t<a class=\"elementor-toggle-title\" tabindex=\"0\">Poopera\u010dn\u00fd priebeh<\/a>\n\t\t\t\t\t<\/div>\n\n\t\t\t\t\t<div id=\"elementor-tab-content-6112\" class=\"elementor-tab-content elementor-clearfix\" data-tab=\"2\" role=\"region\" aria-labelledby=\"elementor-tab-title-6112\"><p>Po oper\u00e1cii vie\u010dok s\u00fa rany prelepen\u00e9 tenkou p\u00e1skou. O\u010di nie s\u00fa zakryt\u00e9, pacient po z\u00e1kroku odch\u00e1dza domov. Prv\u00fdch 24 hod\u00edn si pacient priklad\u00e1 studen\u00e9 obklady a dodr\u017eiava k\u013eudov\u00fd re\u017eim. N\u00e1plas\u0165 na o\u010diach sa ponech\u00e1va a\u017e do vybratia stehov, stehy sa vyberaj\u00fa o t\u00fd\u017ede\u0148. Po oper\u00e1cii vznikaj\u00fa v okol\u00ed vie\u010dok opuchy a modriny ktor\u00e9 odoznej\u00fa v priemere do dvoch t\u00fd\u017ed\u0148ov.\u00a0<\/p><\/div>\n\t\t\t\t<\/div>\n\t\t\t\t\t\t\t<div class=\"elementor-toggle-item\">\n\t\t\t\t\t<div id=\"elementor-tab-title-6113\" class=\"elementor-tab-title\" data-tab=\"3\" role=\"button\" aria-controls=\"elementor-tab-content-6113\" aria-expanded=\"false\">\n\t\t\t\t\t\t\t\t\t\t\t\t<span class=\"elementor-toggle-icon elementor-toggle-icon-left\" aria-hidden=\"true\">\n\t\t\t\t\t\t\t\t\t\t\t\t\t\t\t<span class=\"elementor-toggle-icon-closed\"><i class=\"fas fa-caret-right\"><\/i><\/span>\n\t\t\t\t\t\t\t\t<span class=\"elementor-toggle-icon-opened\"><i class=\"elementor-toggle-icon-opened fas fa-caret-up\"><\/i><\/span>\n\t\t\t\t\t\t\t\t\t\t\t\t\t<\/span>\n\t\t\t\t\t\t\t\t\t\t\t\t<a class=\"elementor-toggle-title\" tabindex=\"0\">Starostlivos\u0165 o jazvy<\/a>\n\t\t\t\t\t<\/div>\n\n\t\t\t\t\t<div id=\"elementor-tab-content-6113\" class=\"elementor-tab-content elementor-clearfix\" data-tab=\"3\" role=\"region\" aria-labelledby=\"elementor-tab-title-6113\"><p>Pribli\u017ene dva t\u00fd\u017edne po oper\u00e1cii je potrebn\u00e9 za\u010da\u0165 s tlakov\u00fdmi mas\u00e1\u017eami jazvy. Na jazvu tla\u010d\u00edme prstom asi 30 sek\u00fand, potom prst uvo\u013en\u00edme a posunieme sa na in\u00e9 miesto jazvy. Pou\u017e\u00edvame pritom mastn\u00fd kr\u00e9m, pri\u010dom mas\u00e1\u017e rob\u00edme viac kr\u00e1t za de\u0148 a nesna\u017e\u00edme sa jazvu \u0165aha\u0165 aby sa jazva neroztiahla.\u00a0<\/p><p>Jazvu mus\u00edme minim\u00e1lne po dobu dvoch mesiacov chr\u00e1ni\u0165 pred slne\u010dn\u00fdm \u017eiaren\u00edm in\u00e1\u010d by jazva mohla stmavn\u00fa\u0165. Jazvu treba preto prekr\u00fdva\u0165 kr\u00e9mom s vysok\u00fdm UV faktorom.\u00a0<\/p><\/div>\n\t\t\t\t<\/div>\n\t\t\t\t\t\t\t\t<\/div>\n\t\t\t\t\t\t<\/div>\n\t\t\t\t<\/div>\n\t\t\t\t\t<\/div>\n\t\t<\/div>\n\t\t\t\t\t<\/div>\n\t\t<\/section>\n\t\t\t\t\t<\/div>\n\t\t<\/div>\n\t\t\t\t\t<\/div>\n\t\t<\/section>\n\t\t\t\t<\/div>\n\t\t","protected":false},"excerpt":{"rendered":"<p>Vekom doch\u00e1dza ku strate elasticity ko\u017ee a na horn\u00fdch alebo doln\u00fdch vie\u010dkach sa vytv\u00e1raj\u00fa z\u00e1hyby &#8211; vr\u00e1sky sp\u00f4soben\u00e9 nadbytkom ko\u017ee. Nadbytok ko\u017ee m\u00f4\u017ee sp\u00f4sobi\u0165 aj \u00fanavu o\u010d\u00ed. Oper\u00e1cia o\u010dn\u00fdch vie\u010dok odstr\u00e1ni t\u00fato nadbyto\u010dn\u00fa a ko\u017eu v oblasti vie\u010dok Ak\u00fd je priebeh z\u00e1kroku d\u013a\u017eka oper\u00e1cie : pribli\u017ene 1 hodina typ anest\u00e9zie : lok\u00e1lna pobyt na klinike [&hellip;]<\/p>\n","protected":false},"author":1,"featured_media":0,"parent":0,"menu_order":0,"comment_status":"closed","ping_status":"closed","template":"","meta":{"ocean_post_layout":"","ocean_both_sidebars_style":"","ocean_both_sidebars_content_width":0,"ocean_both_sidebars_sidebars_width":0,"ocean_sidebar":"0","ocean_second_sidebar":"0","ocean_disable_margins":"enable","ocean_add_body_class":"","ocean_shortcode_before_top_bar":"","ocean_shortcode_after_top_bar":"","ocean_shortcode_before_header":"","ocean_shortcode_after_header":"","ocean_has_shortcode":"","ocean_shortcode_after_title":"","ocean_shortcode_before_footer_widgets":"","ocean_shortcode_after_footer_widgets":"","ocean_shortcode_before_footer_bottom":"","ocean_shortcode_after_footer_bottom":"","ocean_display_top_bar":"default","ocean_display_header":"default","ocean_header_style":"","ocean_center_header_left_menu":"0","ocean_custom_header_template":"0","ocean_custom_logo":0,"ocean_custom_retina_logo":0,"ocean_custom_logo_max_width":0,"ocean_custom_logo_tablet_max_width":0,"ocean_custom_logo_mobile_max_width":0,"ocean_custom_logo_max_height":0,"ocean_custom_logo_tablet_max_height":0,"ocean_custom_logo_mobile_max_height":0,"ocean_header_custom_menu":"0","ocean_menu_typo_font_family":"0","ocean_menu_typo_font_subset":"","ocean_menu_typo_font_size":0,"ocean_menu_typo_font_size_tablet":0,"ocean_menu_typo_font_size_mobile":0,"ocean_menu_typo_font_size_unit":"px","ocean_menu_typo_font_weight":"","ocean_menu_typo_font_weight_tablet":"","ocean_menu_typo_font_weight_mobile":"","ocean_menu_typo_transform":"","ocean_menu_typo_transform_tablet":"","ocean_menu_typo_transform_mobile":"","ocean_menu_typo_line_height":0,"ocean_menu_typo_line_height_tablet":0,"ocean_menu_typo_line_height_mobile":0,"ocean_menu_typo_line_height_unit":"","ocean_menu_typo_spacing":0,"ocean_menu_typo_spacing_tablet":0,"ocean_menu_typo_spacing_mobile":0,"ocean_menu_typo_spacing_unit":"","ocean_menu_link_color":"","ocean_menu_link_color_hover":"","ocean_menu_link_color_active":"","ocean_menu_link_background":"","ocean_menu_link_hover_background":"","ocean_menu_link_active_background":"","ocean_menu_social_links_bg":"","ocean_menu_social_hover_links_bg":"","ocean_menu_social_links_color":"","ocean_menu_social_hover_links_color":"","ocean_disable_title":"default","ocean_disable_heading":"default","ocean_post_title":"","ocean_post_subheading":"","ocean_post_title_style":"","ocean_post_title_background_color":"","ocean_post_title_background":0,"ocean_post_title_bg_image_position":"","ocean_post_title_bg_image_attachment":"","ocean_post_title_bg_image_repeat":"","ocean_post_title_bg_image_size":"","ocean_post_title_height":0,"ocean_post_title_bg_overlay":0.5,"ocean_post_title_bg_overlay_color":"","ocean_disable_breadcrumbs":"off","ocean_breadcrumbs_color":"","ocean_breadcrumbs_separator_color":"","ocean_breadcrumbs_links_color":"","ocean_breadcrumbs_links_hover_color":"","ocean_display_footer_widgets":"default","ocean_display_footer_bottom":"default","ocean_custom_footer_template":"0","footnotes":""},"class_list":["post-617","page","type-page","status-publish","hentry","entry"],"_links":{"self":[{"href":"https:\/\/norbertracz.sk\/index.php?rest_route=\/wp\/v2\/pages\/617"}],"collection":[{"href":"https:\/\/norbertracz.sk\/index.php?rest_route=\/wp\/v2\/pages"}],"about":[{"href":"https:\/\/norbertracz.sk\/index.php?rest_route=\/wp\/v2\/types\/page"}],"author":[{"embeddable":true,"href":"https:\/\/norbertracz.sk\/index.php?rest_route=\/wp\/v2\/users\/1"}],"replies":[{"embeddable":true,"href":"https:\/\/norbertracz.sk\/index.php?rest_route=%2Fwp%2Fv2%2Fcomments&post=617"}],"version-history":[{"count":7,"href":"https:\/\/norbertracz.sk\/index.php?rest_route=\/wp\/v2\/pages\/617\/revisions"}],"predecessor-version":[{"id":1249,"href":"https:\/\/norbertracz.sk\/index.php?rest_route=\/wp\/v2\/pages\/617\/revisions\/1249"}],"wp:attachment":[{"href":"https:\/\/norbertracz.sk\/index.php?rest_route=%2Fwp%2Fv2%2Fmedia&parent=617"}],"curies":[{"name":"wp","href":"https:\/\/api.w.org\/{rel}","templated":true}]}}