{"id":811,"date":"2024-05-29T09:21:52","date_gmt":"2024-05-29T07:21:52","guid":{"rendered":"https:\/\/norbertracz.sk\/?page_id=811"},"modified":"2024-06-08T17:23:43","modified_gmt":"2024-06-08T15:23:43","slug":"labioplastika","status":"publish","type":"page","link":"https:\/\/norbertracz.sk\/?page_id=811","title":{"rendered":"Labioplastika &#8211; korekcia mal\u00fdch pyskov"},"content":{"rendered":"\t\t<div data-elementor-type=\"wp-page\" data-elementor-id=\"811\" class=\"elementor elementor-811\">\n\t\t\t\t\t\t<section class=\"elementor-section elementor-top-section elementor-element elementor-element-3f8b6f2 elementor-section-boxed elementor-section-height-default elementor-section-height-default\" data-id=\"3f8b6f2\" data-element_type=\"section\" data-e-type=\"section\">\n\t\t\t\t\t\t<div class=\"elementor-container elementor-column-gap-default\">\n\t\t\t\t\t<div class=\"elementor-column elementor-col-100 elementor-top-column elementor-element elementor-element-521a866e\" data-id=\"521a866e\" data-element_type=\"column\" data-e-type=\"column\">\n\t\t\t<div class=\"elementor-widget-wrap elementor-element-populated\">\n\t\t\t\t\t\t<div class=\"elementor-element elementor-element-164b8eb9 elementor-widget elementor-widget-text-editor\" data-id=\"164b8eb9\" data-element_type=\"widget\" data-e-type=\"widget\" data-widget_type=\"text-editor.default\">\n\t\t\t\t<div class=\"elementor-widget-container\">\n\t\t\t\t\t\t\t\t\tTr\u00e1pia v\u00e1s ve\u013ek\u00e9 vn\u00fatorn\u00e9 \u00a0pysky? M\u00e1lo sa o tom hovor\u00ed, a predsa t\u00fdm trp\u00ed ve\u013ea \u017eien. Korekciou alebo zmen\u0161en\u00edm pyskov uprav\u00edme va\u0161e nadmerne ve\u013ek\u00e9 \u00a0vn\u00fatorn\u00e9 pysky (vy\u010dnievaj\u00fa za vonkaj\u0161ie pysky). Okrem in\u00e9ho obnov\u00edme proporcie a odstr\u00e1nime nepohodlie pri sexe a \u0161porte. Korekcia pyskov je ide\u00e1lnym rie\u0161en\u00edm, ak trp\u00edte pr\u00edli\u0161 dlh\u00fdmi alebo v\u00e4\u010d\u0161\u00edmi pyskami Po tomto z\u00e1kroku ost\u00e1vaj\u00fa labia minora zmen\u0161en\u00e9 \u2013 nie odstr\u00e1nen\u00e9 \u2013 \u010do po z\u00e1kroku vidie\u0165 najm\u00e4 v stoji.<\/span>\t\t\t\t\t\t\t\t<\/div>\n\t\t\t\t<\/div>\n\t\t\t\t\t<\/div>\n\t\t<\/div>\n\t\t\t\t\t<\/div>\n\t\t<\/section>\n\t\t\t\t<section class=\"elementor-section elementor-top-section elementor-element elementor-element-64fd336e elementor-section-boxed elementor-section-height-default elementor-section-height-default\" data-id=\"64fd336e\" data-element_type=\"section\" data-e-type=\"section\">\n\t\t\t\t\t\t<div class=\"elementor-container elementor-column-gap-default\">\n\t\t\t\t\t<div class=\"elementor-column elementor-col-100 elementor-top-column elementor-element elementor-element-5272c647\" data-id=\"5272c647\" data-element_type=\"column\" data-e-type=\"column\">\n\t\t\t<div class=\"elementor-widget-wrap elementor-element-populated\">\n\t\t\t\t\t\t<section class=\"elementor-section elementor-inner-section elementor-element elementor-element-378be2cd elementor-section-boxed elementor-section-height-default elementor-section-height-default\" data-id=\"378be2cd\" data-element_type=\"section\" data-e-type=\"section\">\n\t\t\t\t\t\t<div class=\"elementor-container elementor-column-gap-default\">\n\t\t\t\t\t<div class=\"elementor-column elementor-col-100 elementor-inner-column elementor-element elementor-element-14256022\" data-id=\"14256022\" data-element_type=\"column\" data-e-type=\"column\">\n\t\t\t<div class=\"elementor-widget-wrap elementor-element-populated\">\n\t\t\t\t\t\t<div class=\"elementor-element elementor-element-7f3fabfe elementor-widget elementor-widget-text-editor\" data-id=\"7f3fabfe\" data-element_type=\"widget\" data-e-type=\"widget\" data-widget_type=\"text-editor.default\">\n\t\t\t\t<div class=\"elementor-widget-container\">\n\t\t\t\t\t\t\t\t\t<h3 style=\"text-align: center;\">Ak\u00fd je priebeh z\u00e1kroku<\/h3>\t\t\t\t\t\t\t\t<\/div>\n\t\t\t\t<\/div>\n\t\t\t\t<div class=\"elementor-element elementor-element-6fe7b83a elementor-widget elementor-widget-text-editor\" data-id=\"6fe7b83a\" data-element_type=\"widget\" data-e-type=\"widget\" data-widget_type=\"text-editor.default\">\n\t\t\t\t<div class=\"elementor-widget-container\">\n\t\t\t\t\t\t\t\t\t<ul><li>d\u013a\u017eka oper\u00e1cie : 40 min<\/li><li>typ anest\u00e9zie : lok\u00e1lna<\/li><li>pobyt na klinike : odch\u00e1dza domov po z\u00e1kroku<\/li><li>zotavenie po z\u00e1kroku : 7-14 dn\u00ed<\/li><\/ul>\t\t\t\t\t\t\t\t<\/div>\n\t\t\t\t<\/div>\n\t\t\t\t\t<\/div>\n\t\t<\/div>\n\t\t\t\t\t<\/div>\n\t\t<\/section>\n\t\t\t\t\t<\/div>\n\t\t<\/div>\n\t\t\t\t\t<\/div>\n\t\t<\/section>\n\t\t\t\t<section class=\"elementor-section elementor-top-section elementor-element elementor-element-192940db elementor-section-boxed elementor-section-height-default elementor-section-height-default\" data-id=\"192940db\" data-element_type=\"section\" data-e-type=\"section\">\n\t\t\t\t\t\t<div class=\"elementor-container elementor-column-gap-default\">\n\t\t\t\t\t<div class=\"elementor-column elementor-col-100 elementor-top-column elementor-element elementor-element-4cb2258a\" data-id=\"4cb2258a\" data-element_type=\"column\" data-e-type=\"column\">\n\t\t\t<div class=\"elementor-widget-wrap elementor-element-populated\">\n\t\t\t\t\t\t<section class=\"elementor-section elementor-inner-section elementor-element elementor-element-546a3732 elementor-section-boxed elementor-section-height-default elementor-section-height-default\" data-id=\"546a3732\" data-element_type=\"section\" data-e-type=\"section\">\n\t\t\t\t\t\t<div class=\"elementor-container elementor-column-gap-default\">\n\t\t\t\t\t<div class=\"elementor-column elementor-col-100 elementor-inner-column elementor-element elementor-element-4f145473\" data-id=\"4f145473\" data-element_type=\"column\" data-e-type=\"column\">\n\t\t\t<div class=\"elementor-widget-wrap elementor-element-populated\">\n\t\t\t\t\t\t<div class=\"elementor-element elementor-element-76f3988f elementor-widget elementor-widget-text-editor\" data-id=\"76f3988f\" data-element_type=\"widget\" data-e-type=\"widget\" data-widget_type=\"text-editor.default\">\n\t\t\t\t<div class=\"elementor-widget-container\">\n\t\t\t\t\t\t\t\t\t<h3 style=\"text-align: center;\">Na\u010dastej\u0161ie ot\u00e1zky o z\u00e1kroku<\/h3>\t\t\t\t\t\t\t\t<\/div>\n\t\t\t\t<\/div>\n\t\t\t\t\t<\/div>\n\t\t<\/div>\n\t\t\t\t\t<\/div>\n\t\t<\/section>\n\t\t\t\t<section class=\"elementor-section elementor-inner-section elementor-element elementor-element-537e3080 elementor-section-boxed elementor-section-height-default elementor-section-height-default\" data-id=\"537e3080\" data-element_type=\"section\" data-e-type=\"section\">\n\t\t\t\t\t\t<div class=\"elementor-container elementor-column-gap-default\">\n\t\t\t\t\t<div class=\"elementor-column elementor-col-100 elementor-inner-column elementor-element elementor-element-1d5e9523\" data-id=\"1d5e9523\" data-element_type=\"column\" data-e-type=\"column\">\n\t\t\t<div class=\"elementor-widget-wrap elementor-element-populated\">\n\t\t\t\t\t\t<div class=\"elementor-element elementor-element-5b413d0e elementor-widget elementor-widget-toggle\" data-id=\"5b413d0e\" data-element_type=\"widget\" data-e-type=\"widget\" data-widget_type=\"toggle.default\">\n\t\t\t\t<div class=\"elementor-widget-container\">\n\t\t\t\t\t\t\t<div class=\"elementor-toggle\">\n\t\t\t\t\t\t\t<div class=\"elementor-toggle-item\">\n\t\t\t\t\t<div id=\"elementor-tab-title-1531\" class=\"elementor-tab-title\" data-tab=\"1\" role=\"button\" aria-controls=\"elementor-tab-content-1531\" aria-expanded=\"false\">\n\t\t\t\t\t\t\t\t\t\t\t\t<span class=\"elementor-toggle-icon elementor-toggle-icon-left\" aria-hidden=\"true\">\n\t\t\t\t\t\t\t\t\t\t\t\t\t\t\t<span class=\"elementor-toggle-icon-closed\"><i class=\"fas fa-caret-right\"><\/i><\/span>\n\t\t\t\t\t\t\t\t<span class=\"elementor-toggle-icon-opened\"><i class=\"elementor-toggle-icon-opened fas fa-caret-up\"><\/i><\/span>\n\t\t\t\t\t\t\t\t\t\t\t\t\t<\/span>\n\t\t\t\t\t\t\t\t\t\t\t\t<a class=\"elementor-toggle-title\" tabindex=\"0\">Priebeh oper\u00e1cie<\/a>\n\t\t\t\t\t<\/div>\n\n\t\t\t\t\t<div id=\"elementor-tab-content-1531\" class=\"elementor-tab-content elementor-clearfix\" data-tab=\"1\" role=\"region\" aria-labelledby=\"elementor-tab-title-1531\"><p>Korekcia mal\u00fdch pyskov trv\u00e1 pribli\u017ene hodinu a vo v\u00e4\u010d\u0161ine pr\u00edpadov m\u00f4\u017eete \u00eds\u0165 domov e\u0161te v ten ist\u00fd de\u0148. Odstr\u00e1nen\u00e1 \u010das\u0165 je \u010dasto t\u00e1, ktor\u00e1 vych\u00e1dza von, ke\u010f stoj\u00edte. Tieto vy\u010dnievaj\u00face pysky sa po\u010das z\u00e1kroku ozna\u010dia a potom plastick\u00fd chirurg pomocou skalpela odstr\u00e1ni prebyto\u010dn\u00fa ko\u017eu. Rana sa \u00a0za\u0161\u00edva rozpustn\u00fdmi stehmi. Tie \u010dasom sam\u00e9 odpadn\u00fa.\u00a0<\/p><\/div>\n\t\t\t\t<\/div>\n\t\t\t\t\t\t\t<div class=\"elementor-toggle-item\">\n\t\t\t\t\t<div id=\"elementor-tab-title-1532\" class=\"elementor-tab-title\" data-tab=\"2\" role=\"button\" aria-controls=\"elementor-tab-content-1532\" aria-expanded=\"false\">\n\t\t\t\t\t\t\t\t\t\t\t\t<span class=\"elementor-toggle-icon elementor-toggle-icon-left\" aria-hidden=\"true\">\n\t\t\t\t\t\t\t\t\t\t\t\t\t\t\t<span class=\"elementor-toggle-icon-closed\"><i class=\"fas fa-caret-right\"><\/i><\/span>\n\t\t\t\t\t\t\t\t<span class=\"elementor-toggle-icon-opened\"><i class=\"elementor-toggle-icon-opened fas fa-caret-up\"><\/i><\/span>\n\t\t\t\t\t\t\t\t\t\t\t\t\t<\/span>\n\t\t\t\t\t\t\t\t\t\t\t\t<a class=\"elementor-toggle-title\" tabindex=\"0\">Zotavenie po z\u00e1kroku<\/a>\n\t\t\t\t\t<\/div>\n\n\t\t\t\t\t<div id=\"elementor-tab-content-1532\" class=\"elementor-tab-content elementor-clearfix\" data-tab=\"2\" role=\"region\" aria-labelledby=\"elementor-tab-title-1532\"><p>Korekcia mal\u00fdch pyskov trv\u00e1 pribli\u017ene hodinu a vo v\u00e4\u010d\u0161ine pr\u00edpadov m\u00f4\u017eete \u00eds\u0165 domov e\u0161te v ten ist\u00fd de\u0148. Odstr\u00e1nen\u00e1 \u010das\u0165 je \u010dasto t\u00e1, ktor\u00e1 vych\u00e1dza von, ke\u010f stoj\u00edte. Tieto vy\u010dnievaj\u00face pysky sa po\u010das z\u00e1kroku ozna\u010dia a potom plastick\u00fd chirurg pomocou skalpela odstr\u00e1ni prebyto\u010dn\u00fa ko\u017eu. Rana sa \u00a0za\u0161\u00edva rozpustn\u00fdmi stehmi. Tie \u010dasom sam\u00e9 odpadn\u00fa.\u00a0<\/p><\/div>\n\t\t\t\t<\/div>\n\t\t\t\t\t\t\t<div class=\"elementor-toggle-item\">\n\t\t\t\t\t<div id=\"elementor-tab-title-1533\" class=\"elementor-tab-title\" data-tab=\"3\" role=\"button\" aria-controls=\"elementor-tab-content-1533\" aria-expanded=\"false\">\n\t\t\t\t\t\t\t\t\t\t\t\t<span class=\"elementor-toggle-icon elementor-toggle-icon-left\" aria-hidden=\"true\">\n\t\t\t\t\t\t\t\t\t\t\t\t\t\t\t<span class=\"elementor-toggle-icon-closed\"><i class=\"fas fa-caret-right\"><\/i><\/span>\n\t\t\t\t\t\t\t\t<span class=\"elementor-toggle-icon-opened\"><i class=\"elementor-toggle-icon-opened fas fa-caret-up\"><\/i><\/span>\n\t\t\t\t\t\t\t\t\t\t\t\t\t<\/span>\n\t\t\t\t\t\t\t\t\t\t\t\t<a class=\"elementor-toggle-title\" tabindex=\"0\">Mo\u017en\u00e9 rizik\u00e1 a komplik\u00e1cie<\/a>\n\t\t\t\t\t<\/div>\n\n\t\t\t\t\t<div id=\"elementor-tab-content-1533\" class=\"elementor-tab-content elementor-clearfix\" data-tab=\"3\" role=\"region\" aria-labelledby=\"elementor-tab-title-1533\"><p>Je d\u00f4le\u017eit\u00e9, aby ste si boli vedom\u00e1 riz\u00edk a komplik\u00e1ci\u00ed, ktor\u00e9 m\u00f4\u017eu nasta\u0165 pri korekcii mal\u00fdch pyskov V\u017edy v\u0161ak existuj\u00fa ur\u010dit\u00e9 rizik\u00e1 spojen\u00e9 so z\u00e1krokom:<\/p><p>Medzi zriedkav\u00e9 patria:<\/p><ul><li>Hromadenie podko\u017enej krvi<\/li><li>Negat\u00edvna reakcia na anest\u00e9ziu<\/li><li>Opuch<\/li><li>Infekcia<\/li><\/ul><p>Ve\u013emi zriedkav\u00e9:<\/p><ul><li>Zmena citlivosti<\/li><li>Vidite\u013en\u00e9 a hmatate\u013en\u00e9 jazvy<\/li><li>Ne\u017eiaduci estetick\u00fd v\u00fdsledok<\/li><li>Jazvy s\u00fa spo\u010diatku \u010derven\u00e9 a opuchnut\u00e9, ale po \u0161iestich t\u00fd\u017ed\u0148och zvy\u010dajne ust\u00fapia. Majte na pam\u00e4ti, \u017ee jazve trv\u00e1 pribli\u017ene rok a\u017e rok a pol, k\u00fdm uko\u010dn\u00ed svoje zrenie.<\/li><\/ul><p>Faj\u010denie<br \/>Presta\u0148te faj\u010di\u0165 aspo\u0148 \u0161es\u0165 t\u00fd\u017ed\u0148ov pred z\u00e1krokom a a\u017e \u0161es\u0165 t\u00fd\u017ed\u0148ov po z\u00e1kroku. Faj\u010denie s\u0165ahuje cievy, \u010do m\u00f4\u017ee sp\u00f4sobi\u0165 probl\u00e9my s hojen\u00edm r\u00e1n.\u00a0<\/p><\/div>\n\t\t\t\t<\/div>\n\t\t\t\t\t\t\t<div class=\"elementor-toggle-item\">\n\t\t\t\t\t<div id=\"elementor-tab-title-1534\" class=\"elementor-tab-title\" data-tab=\"4\" role=\"button\" aria-controls=\"elementor-tab-content-1534\" aria-expanded=\"false\">\n\t\t\t\t\t\t\t\t\t\t\t\t<span class=\"elementor-toggle-icon elementor-toggle-icon-left\" aria-hidden=\"true\">\n\t\t\t\t\t\t\t\t\t\t\t\t\t\t\t<span class=\"elementor-toggle-icon-closed\"><i class=\"fas fa-caret-right\"><\/i><\/span>\n\t\t\t\t\t\t\t\t<span class=\"elementor-toggle-icon-opened\"><i class=\"elementor-toggle-icon-opened fas fa-caret-up\"><\/i><\/span>\n\t\t\t\t\t\t\t\t\t\t\t\t\t<\/span>\n\t\t\t\t\t\t\t\t\t\t\t\t<a class=\"elementor-toggle-title\" tabindex=\"0\">Ak\u00e1 dlh\u00e1 je trv\u00e1cnos\u0165 v\u00fdsledku<\/a>\n\t\t\t\t\t<\/div>\n\n\t\t\t\t\t<div id=\"elementor-tab-content-1534\" class=\"elementor-tab-content elementor-clearfix\" data-tab=\"4\" role=\"region\" aria-labelledby=\"elementor-tab-title-1534\"><p>Korekcia mal\u00fdch pyskov je v podstate jednorazov\u00e1 oper\u00e1cia a v\u00fdsledky zost\u00e1vaj\u00fa rovnak\u00e9 v priebehu rokov.<\/p><\/div>\n\t\t\t\t<\/div>\n\t\t\t\t\t\t\t<div class=\"elementor-toggle-item\">\n\t\t\t\t\t<div id=\"elementor-tab-title-1535\" class=\"elementor-tab-title\" data-tab=\"5\" role=\"button\" aria-controls=\"elementor-tab-content-1535\" aria-expanded=\"false\">\n\t\t\t\t\t\t\t\t\t\t\t\t<span class=\"elementor-toggle-icon elementor-toggle-icon-left\" aria-hidden=\"true\">\n\t\t\t\t\t\t\t\t\t\t\t\t\t\t\t<span class=\"elementor-toggle-icon-closed\"><i class=\"fas fa-caret-right\"><\/i><\/span>\n\t\t\t\t\t\t\t\t<span class=\"elementor-toggle-icon-opened\"><i class=\"elementor-toggle-icon-opened fas fa-caret-up\"><\/i><\/span>\n\t\t\t\t\t\t\t\t\t\t\t\t\t<\/span>\n\t\t\t\t\t\t\t\t\t\t\t\t<a class=\"elementor-toggle-title\" tabindex=\"0\">Kedy m\u00f4\u017eem za\u010da\u0165 \u0161portova\u0165 po z\u00e1kroku ?<\/a>\n\t\t\t\t\t<\/div>\n\n\t\t\t\t\t<div id=\"elementor-tab-content-1535\" class=\"elementor-tab-content elementor-clearfix\" data-tab=\"5\" role=\"region\" aria-labelledby=\"elementor-tab-title-1535\"><p>Korekcia mal\u00fdch pyskov je v podstate jednorazov\u00e1 oper\u00e1cia a v\u00fdsledky zost\u00e1vaj\u00fa rovnak\u00e9 v priebehu rokov.<\/p><\/div>\n\t\t\t\t<\/div>\n\t\t\t\t\t\t\t\t<\/div>\n\t\t\t\t\t\t<\/div>\n\t\t\t\t<\/div>\n\t\t\t\t\t<\/div>\n\t\t<\/div>\n\t\t\t\t\t<\/div>\n\t\t<\/section>\n\t\t\t\t\t<\/div>\n\t\t<\/div>\n\t\t\t\t\t<\/div>\n\t\t<\/section>\n\t\t\t\t<\/div>\n\t\t","protected":false},"excerpt":{"rendered":"<p>Tr\u00e1pia v\u00e1s ve\u013ek\u00e9 vn\u00fatorn\u00e9 \u00a0pysky? M\u00e1lo sa o tom hovor\u00ed, a predsa t\u00fdm trp\u00ed ve\u013ea \u017eien. Korekciou alebo zmen\u0161en\u00edm pyskov uprav\u00edme va\u0161e nadmerne ve\u013ek\u00e9 \u00a0vn\u00fatorn\u00e9 pysky (vy\u010dnievaj\u00fa za vonkaj\u0161ie pysky). Okrem in\u00e9ho obnov\u00edme proporcie a odstr\u00e1nime nepohodlie pri sexe a \u0161porte. Korekcia pyskov je ide\u00e1lnym rie\u0161en\u00edm, ak trp\u00edte pr\u00edli\u0161 dlh\u00fdmi alebo v\u00e4\u010d\u0161\u00edmi pyskami Po tomto [&hellip;]<\/p>\n","protected":false},"author":1,"featured_media":0,"parent":0,"menu_order":0,"comment_status":"closed","ping_status":"closed","template":"","meta":{"ocean_post_layout":"","ocean_both_sidebars_style":"","ocean_both_sidebars_content_width":0,"ocean_both_sidebars_sidebars_width":0,"ocean_sidebar":"0","ocean_second_sidebar":"0","ocean_disable_margins":"enable","ocean_add_body_class":"","ocean_shortcode_before_top_bar":"","ocean_shortcode_after_top_bar":"","ocean_shortcode_before_header":"","ocean_shortcode_after_header":"","ocean_has_shortcode":"","ocean_shortcode_after_title":"","ocean_shortcode_before_footer_widgets":"","ocean_shortcode_after_footer_widgets":"","ocean_shortcode_before_footer_bottom":"","ocean_shortcode_after_footer_bottom":"","ocean_display_top_bar":"default","ocean_display_header":"default","ocean_header_style":"","ocean_center_header_left_menu":"0","ocean_custom_header_template":"0","ocean_custom_logo":0,"ocean_custom_retina_logo":0,"ocean_custom_logo_max_width":0,"ocean_custom_logo_tablet_max_width":0,"ocean_custom_logo_mobile_max_width":0,"ocean_custom_logo_max_height":0,"ocean_custom_logo_tablet_max_height":0,"ocean_custom_logo_mobile_max_height":0,"ocean_header_custom_menu":"0","ocean_menu_typo_font_family":"0","ocean_menu_typo_font_subset":"","ocean_menu_typo_font_size":0,"ocean_menu_typo_font_size_tablet":0,"ocean_menu_typo_font_size_mobile":0,"ocean_menu_typo_font_size_unit":"px","ocean_menu_typo_font_weight":"","ocean_menu_typo_font_weight_tablet":"","ocean_menu_typo_font_weight_mobile":"","ocean_menu_typo_transform":"","ocean_menu_typo_transform_tablet":"","ocean_menu_typo_transform_mobile":"","ocean_menu_typo_line_height":0,"ocean_menu_typo_line_height_tablet":0,"ocean_menu_typo_line_height_mobile":0,"ocean_menu_typo_line_height_unit":"","ocean_menu_typo_spacing":0,"ocean_menu_typo_spacing_tablet":0,"ocean_menu_typo_spacing_mobile":0,"ocean_menu_typo_spacing_unit":"","ocean_menu_link_color":"","ocean_menu_link_color_hover":"","ocean_menu_link_color_active":"","ocean_menu_link_background":"","ocean_menu_link_hover_background":"","ocean_menu_link_active_background":"","ocean_menu_social_links_bg":"","ocean_menu_social_hover_links_bg":"","ocean_menu_social_links_color":"","ocean_menu_social_hover_links_color":"","ocean_disable_title":"default","ocean_disable_heading":"default","ocean_post_title":"","ocean_post_subheading":"","ocean_post_title_style":"","ocean_post_title_background_color":"","ocean_post_title_background":0,"ocean_post_title_bg_image_position":"","ocean_post_title_bg_image_attachment":"","ocean_post_title_bg_image_repeat":"","ocean_post_title_bg_image_size":"","ocean_post_title_height":0,"ocean_post_title_bg_overlay":0.5,"ocean_post_title_bg_overlay_color":"","ocean_disable_breadcrumbs":"default","ocean_breadcrumbs_color":"","ocean_breadcrumbs_separator_color":"","ocean_breadcrumbs_links_color":"","ocean_breadcrumbs_links_hover_color":"","ocean_display_footer_widgets":"default","ocean_display_footer_bottom":"default","ocean_custom_footer_template":"0","footnotes":""},"class_list":["post-811","page","type-page","status-publish","hentry","entry"],"_links":{"self":[{"href":"https:\/\/norbertracz.sk\/index.php?rest_route=\/wp\/v2\/pages\/811"}],"collection":[{"href":"https:\/\/norbertracz.sk\/index.php?rest_route=\/wp\/v2\/pages"}],"about":[{"href":"https:\/\/norbertracz.sk\/index.php?rest_route=\/wp\/v2\/types\/page"}],"author":[{"embeddable":true,"href":"https:\/\/norbertracz.sk\/index.php?rest_route=\/wp\/v2\/users\/1"}],"replies":[{"embeddable":true,"href":"https:\/\/norbertracz.sk\/index.php?rest_route=%2Fwp%2Fv2%2Fcomments&post=811"}],"version-history":[{"count":6,"href":"https:\/\/norbertracz.sk\/index.php?rest_route=\/wp\/v2\/pages\/811\/revisions"}],"predecessor-version":[{"id":1014,"href":"https:\/\/norbertracz.sk\/index.php?rest_route=\/wp\/v2\/pages\/811\/revisions\/1014"}],"wp:attachment":[{"href":"https:\/\/norbertracz.sk\/index.php?rest_route=%2Fwp%2Fv2%2Fmedia&parent=811"}],"curies":[{"name":"wp","href":"https:\/\/api.w.org\/{rel}","templated":true}]}}