{"id":837,"date":"2024-06-06T10:46:01","date_gmt":"2024-06-06T08:46:01","guid":{"rendered":"https:\/\/norbertracz.sk\/?page_id=837"},"modified":"2024-06-08T17:17:34","modified_gmt":"2024-06-08T15:17:34","slug":"gynekomastia","status":"publish","type":"page","link":"https:\/\/norbertracz.sk\/?page_id=837","title":{"rendered":"Gynekomastia"},"content":{"rendered":"\t\t<div data-elementor-type=\"wp-page\" data-elementor-id=\"837\" class=\"elementor elementor-837\">\n\t\t\t\t\t\t<section class=\"elementor-section elementor-top-section elementor-element elementor-element-e1b0a68 elementor-section-boxed elementor-section-height-default elementor-section-height-default\" data-id=\"e1b0a68\" data-element_type=\"section\" data-e-type=\"section\">\n\t\t\t\t\t\t<div class=\"elementor-container elementor-column-gap-default\">\n\t\t\t\t\t<div class=\"elementor-column elementor-col-100 elementor-top-column elementor-element elementor-element-7d6feb67\" data-id=\"7d6feb67\" data-element_type=\"column\" data-e-type=\"column\">\n\t\t\t<div class=\"elementor-widget-wrap elementor-element-populated\">\n\t\t\t\t\t\t<div class=\"elementor-element elementor-element-10c6e0c7 elementor-widget elementor-widget-text-editor\" data-id=\"10c6e0c7\" data-element_type=\"widget\" data-e-type=\"widget\" data-widget_type=\"text-editor.default\">\n\t\t\t\t<div class=\"elementor-widget-container\">\n\t\t\t\t\t\t\t\t\t<p>Gynekomastia je lek\u00e1rsky term\u00edn pre zv\u00e4\u010d\u0161enie prsnej \u017e\u013eazy u mu\u017eov. Hoci sa o nej \u010dasto nehovor\u00ed, je pomerne \u010dast\u00e1. Zv\u00e4\u010d\u0161enie prsn\u00edkov m\u00f4\u017ee by\u0165 sp\u00f4soben\u00e9 zhrubnut\u00fdm \u017e\u013eazov\u00fdm tkanivom, nadbyto\u010dnou ko\u017eou alebo prebytkom tuku. Pr\u00edtomnos\u0165 zv\u00e4\u010d\u0161en\u00fdch p\u0155s m\u00f4\u017ee u mu\u017eov v\u00fdrazne ovplyvni\u0165 sebavedomie. Ak sa kv\u00f4li gynekomastii c\u00edtite nesvoj, zmen\u0161enie prsn\u00edkov m\u00f4\u017ee by\u0165 \u00fa\u010dinn\u00fdm rie\u0161en\u00edm. Po\u010das tejto oper\u00e1cie sa odstr\u00e1ni nadbyto\u010dn\u00e9 tukov\u00e9 tkanivo a \u010das\u0165 prsnej \u017elazy, \u010do vedie k zmen\u0161eniu prsn\u00edkov a odstr\u00e1neniu gynekomastie.<\/p>\t\t\t\t\t\t\t\t<\/div>\n\t\t\t\t<\/div>\n\t\t\t\t\t<\/div>\n\t\t<\/div>\n\t\t\t\t\t<\/div>\n\t\t<\/section>\n\t\t\t\t<section class=\"elementor-section elementor-top-section elementor-element elementor-element-391c57b4 elementor-section-boxed elementor-section-height-default elementor-section-height-default\" data-id=\"391c57b4\" data-element_type=\"section\" data-e-type=\"section\">\n\t\t\t\t\t\t<div class=\"elementor-container elementor-column-gap-default\">\n\t\t\t\t\t<div class=\"elementor-column elementor-col-100 elementor-top-column elementor-element elementor-element-2bad04c0\" data-id=\"2bad04c0\" data-element_type=\"column\" data-e-type=\"column\">\n\t\t\t<div class=\"elementor-widget-wrap elementor-element-populated\">\n\t\t\t\t\t\t<section class=\"elementor-section elementor-inner-section elementor-element elementor-element-6894d0aa elementor-section-boxed elementor-section-height-default elementor-section-height-default\" data-id=\"6894d0aa\" data-element_type=\"section\" data-e-type=\"section\">\n\t\t\t\t\t\t<div class=\"elementor-container elementor-column-gap-default\">\n\t\t\t\t\t<div class=\"elementor-column elementor-col-100 elementor-inner-column elementor-element elementor-element-72e31f6d\" data-id=\"72e31f6d\" data-element_type=\"column\" data-e-type=\"column\">\n\t\t\t<div class=\"elementor-widget-wrap elementor-element-populated\">\n\t\t\t\t\t\t<div class=\"elementor-element elementor-element-1391b5c0 elementor-widget elementor-widget-text-editor\" data-id=\"1391b5c0\" data-element_type=\"widget\" data-e-type=\"widget\" data-widget_type=\"text-editor.default\">\n\t\t\t\t<div class=\"elementor-widget-container\">\n\t\t\t\t\t\t\t\t\t<h3 style=\"text-align: center;\">Ak\u00fd je priebeh z\u00e1kroku<\/h3>\t\t\t\t\t\t\t\t<\/div>\n\t\t\t\t<\/div>\n\t\t\t\t<div class=\"elementor-element elementor-element-516f13c0 elementor-widget elementor-widget-text-editor\" data-id=\"516f13c0\" data-element_type=\"widget\" data-e-type=\"widget\" data-widget_type=\"text-editor.default\">\n\t\t\t\t<div class=\"elementor-widget-container\">\n\t\t\t\t\t\t\t\t\t<ul><li>d\u013a\u017eka oper\u00e1cie : 60-120 min<\/li><li>typ anest\u00e9zie : celkov\u00e1<\/li><li>pobyt na klinike : 1 noc<\/li><li>zotavenie po z\u00e1kroku : 7-14 dn\u00ed<\/li><\/ul>\t\t\t\t\t\t\t\t<\/div>\n\t\t\t\t<\/div>\n\t\t\t\t\t<\/div>\n\t\t<\/div>\n\t\t\t\t\t<\/div>\n\t\t<\/section>\n\t\t\t\t\t<\/div>\n\t\t<\/div>\n\t\t\t\t\t<\/div>\n\t\t<\/section>\n\t\t\t\t<section class=\"elementor-section elementor-top-section elementor-element elementor-element-1bad2cf9 elementor-section-boxed elementor-section-height-default elementor-section-height-default\" data-id=\"1bad2cf9\" data-element_type=\"section\" data-e-type=\"section\">\n\t\t\t\t\t\t<div class=\"elementor-container elementor-column-gap-default\">\n\t\t\t\t\t<div class=\"elementor-column elementor-col-100 elementor-top-column elementor-element elementor-element-a41eceb\" data-id=\"a41eceb\" data-element_type=\"column\" data-e-type=\"column\">\n\t\t\t<div class=\"elementor-widget-wrap elementor-element-populated\">\n\t\t\t\t\t\t<section class=\"elementor-section elementor-inner-section elementor-element elementor-element-5d860d0c elementor-section-boxed elementor-section-height-default elementor-section-height-default\" data-id=\"5d860d0c\" data-element_type=\"section\" data-e-type=\"section\">\n\t\t\t\t\t\t<div class=\"elementor-container elementor-column-gap-default\">\n\t\t\t\t\t<div class=\"elementor-column elementor-col-100 elementor-inner-column elementor-element elementor-element-66613314\" data-id=\"66613314\" data-element_type=\"column\" data-e-type=\"column\">\n\t\t\t<div class=\"elementor-widget-wrap elementor-element-populated\">\n\t\t\t\t\t\t<div class=\"elementor-element elementor-element-2ea68c4f elementor-widget elementor-widget-text-editor\" data-id=\"2ea68c4f\" data-element_type=\"widget\" data-e-type=\"widget\" data-widget_type=\"text-editor.default\">\n\t\t\t\t<div class=\"elementor-widget-container\">\n\t\t\t\t\t\t\t\t\t<h3 style=\"text-align: center;\">Na\u010dastej\u0161ie ot\u00e1zky o z\u00e1kroku<\/h3>\t\t\t\t\t\t\t\t<\/div>\n\t\t\t\t<\/div>\n\t\t\t\t\t<\/div>\n\t\t<\/div>\n\t\t\t\t\t<\/div>\n\t\t<\/section>\n\t\t\t\t<section class=\"elementor-section elementor-inner-section elementor-element elementor-element-17da7391 elementor-section-boxed elementor-section-height-default elementor-section-height-default\" data-id=\"17da7391\" data-element_type=\"section\" data-e-type=\"section\">\n\t\t\t\t\t\t<div class=\"elementor-container elementor-column-gap-default\">\n\t\t\t\t\t<div class=\"elementor-column elementor-col-100 elementor-inner-column elementor-element elementor-element-42e59104\" data-id=\"42e59104\" data-element_type=\"column\" data-e-type=\"column\">\n\t\t\t<div class=\"elementor-widget-wrap elementor-element-populated\">\n\t\t\t\t\t\t<div class=\"elementor-element elementor-element-3d23fef elementor-widget elementor-widget-toggle\" data-id=\"3d23fef\" data-element_type=\"widget\" data-e-type=\"widget\" data-widget_type=\"toggle.default\">\n\t\t\t\t<div class=\"elementor-widget-container\">\n\t\t\t\t\t\t\t<div class=\"elementor-toggle\">\n\t\t\t\t\t\t\t<div class=\"elementor-toggle-item\">\n\t\t\t\t\t<div id=\"elementor-tab-title-6411\" class=\"elementor-tab-title\" data-tab=\"1\" role=\"button\" aria-controls=\"elementor-tab-content-6411\" aria-expanded=\"false\">\n\t\t\t\t\t\t\t\t\t\t\t\t<span class=\"elementor-toggle-icon elementor-toggle-icon-left\" aria-hidden=\"true\">\n\t\t\t\t\t\t\t\t\t\t\t\t\t\t\t<span class=\"elementor-toggle-icon-closed\"><i class=\"fas fa-caret-right\"><\/i><\/span>\n\t\t\t\t\t\t\t\t<span class=\"elementor-toggle-icon-opened\"><i class=\"elementor-toggle-icon-opened fas fa-caret-up\"><\/i><\/span>\n\t\t\t\t\t\t\t\t\t\t\t\t\t<\/span>\n\t\t\t\t\t\t\t\t\t\t\t\t<a class=\"elementor-toggle-title\" tabindex=\"0\">Priebeh oper\u00e1cie<\/a>\n\t\t\t\t\t<\/div>\n\n\t\t\t\t\t<div id=\"elementor-tab-content-6411\" class=\"elementor-tab-content elementor-clearfix\" data-tab=\"1\" role=\"region\" aria-labelledby=\"elementor-tab-title-6411\"><p>Oper\u00e1cia sa vykon\u00e1va v celkovej anest\u00e9zii. Aby sa minimalizovalo zjazvenie, ko\u017en\u00fd rez sa zvy\u010dajne vykon\u00e1va na okraji areoly. Odstr\u00e1ni sa zhrubnut\u00e1 \u017e\u013eaza. Pod\u013ea potreby, v z\u00e1vislosti od charakteru zv\u00e4\u010d\u0161enej \u017e\u013eazy, sa z\u00e1krok kombinuje s liposukciou. Vtedy sa m\u00f4\u017eu pou\u017ei\u0165 \u010fal\u0161ie mal\u00e9 (~5 mm) bodn\u00e9 rezy. Na konci oper\u00e1cie sa ko\u017ea uzavrie podko\u017en\u00fdmi rozpustn\u00fdmi stehmi.<\/p><p>Pri v\u00e4\u010d\u0161\u00edch korekci\u00e1ch sa v\u0161ak rez m\u00f4\u017ee pred\u013a\u017ei\u0165 alebo roz\u0161\u00edri\u0165, ak je potrebn\u00e9 odstr\u00e1ni\u0165 aj ko\u017eu. Najm\u00e4 pri v\u00e4\u010d\u0161\u00edch korekci\u00e1ch sa niekedy do oblasti rany na kr\u00e1tky \u010das zaved\u00fa dr\u00e9ny (hadi\u010dky) na odvedenie prebyto\u010dnej tekutiny alebo krvi po\u010das po\u010diato\u010dnej poopera\u010dnej f\u00e1zy (a\u017e nieko\u013eko dn\u00ed), \u010d\u00edm sa zabr\u00e1ni jej hromadeniu v opera\u010dnej rane. Tieto dr\u00e9ny sa \u013eahko odstr\u00e1nia.<\/p><\/div>\n\t\t\t\t<\/div>\n\t\t\t\t\t\t\t<div class=\"elementor-toggle-item\">\n\t\t\t\t\t<div id=\"elementor-tab-title-6412\" class=\"elementor-tab-title\" data-tab=\"2\" role=\"button\" aria-controls=\"elementor-tab-content-6412\" aria-expanded=\"false\">\n\t\t\t\t\t\t\t\t\t\t\t\t<span class=\"elementor-toggle-icon elementor-toggle-icon-left\" aria-hidden=\"true\">\n\t\t\t\t\t\t\t\t\t\t\t\t\t\t\t<span class=\"elementor-toggle-icon-closed\"><i class=\"fas fa-caret-right\"><\/i><\/span>\n\t\t\t\t\t\t\t\t<span class=\"elementor-toggle-icon-opened\"><i class=\"elementor-toggle-icon-opened fas fa-caret-up\"><\/i><\/span>\n\t\t\t\t\t\t\t\t\t\t\t\t\t<\/span>\n\t\t\t\t\t\t\t\t\t\t\t\t<a class=\"elementor-toggle-title\" tabindex=\"0\">Zotavenie<\/a>\n\t\t\t\t\t<\/div>\n\n\t\t\t\t\t<div id=\"elementor-tab-content-6412\" class=\"elementor-tab-content elementor-clearfix\" data-tab=\"2\" role=\"region\" aria-labelledby=\"elementor-tab-title-6412\"><p>Zvy\u010dajne sa m\u00f4\u017eete op\u00e4\u0165 sprchova\u0165 dva dni po oper\u00e1cii, ale neodpor\u00fa\u010da sa dlh\u0161ie k\u00fapanie, pl\u00e1vanie alebo pou\u017e\u00edvanie sauny po\u010das prv\u00fdch dvoch t\u00fd\u017ed\u0148ov. Po\u010das prv\u00fdch dvoch a\u017e \u0161tyroch t\u00fd\u017ed\u0148ov sa sna\u017ete minimalizova\u0165 za\u0165a\u017eenie jaziev, napr\u00edklad \u0161portovan\u00edm. To z\u00e1vis\u00ed od rozsahu korekcie, a v\u00e1\u0161 plastick\u00fd chirurg v\u00e1m poskytne konkr\u00e9tne rady. Pou\u017eit\u00e9 stehy s\u00fa zvy\u010dajne rozpustn\u00e9 a nie je potrebn\u00e9 ich odstra\u0148ova\u0165. Ak sa pou\u017eije elastick\u00e1 vesta, odpor\u00fa\u010da sa ju nosi\u0165 cez de\u0148 aj v noci po\u010das 3-6 t\u00fd\u017ed\u0148ov, pri\u010dom ju mo\u017eno odstr\u00e1ni\u0165 len na sprchovanie.<\/p><p>Aby sa zabr\u00e1nilo zmene farby jaziev, mali by sa tri a\u017e \u0161es\u0165 mesiacov chr\u00e1ni\u0165 pred slnkom. To mo\u017eno dosiahnu\u0165 vyh\u00fdban\u00edm sa priamemu slne\u010dn\u00e9mu \u017eiareniu alebo pou\u017e\u00edvan\u00edm opa\u013eovacieho kr\u00e9mu s vysok\u00fdm ochrann\u00fdm faktorom.<\/p><\/div>\n\t\t\t\t<\/div>\n\t\t\t\t\t\t\t<div class=\"elementor-toggle-item\">\n\t\t\t\t\t<div id=\"elementor-tab-title-6413\" class=\"elementor-tab-title\" data-tab=\"3\" role=\"button\" aria-controls=\"elementor-tab-content-6413\" aria-expanded=\"false\">\n\t\t\t\t\t\t\t\t\t\t\t\t<span class=\"elementor-toggle-icon elementor-toggle-icon-left\" aria-hidden=\"true\">\n\t\t\t\t\t\t\t\t\t\t\t\t\t\t\t<span class=\"elementor-toggle-icon-closed\"><i class=\"fas fa-caret-right\"><\/i><\/span>\n\t\t\t\t\t\t\t\t<span class=\"elementor-toggle-icon-opened\"><i class=\"elementor-toggle-icon-opened fas fa-caret-up\"><\/i><\/span>\n\t\t\t\t\t\t\t\t\t\t\t\t\t<\/span>\n\t\t\t\t\t\t\t\t\t\t\t\t<a class=\"elementor-toggle-title\" tabindex=\"0\">Rizik\u00e1 a komplik\u00e1cie<\/a>\n\t\t\t\t\t<\/div>\n\n\t\t\t\t\t<div id=\"elementor-tab-content-6413\" class=\"elementor-tab-content elementor-clearfix\" data-tab=\"3\" role=\"region\" aria-labelledby=\"elementor-tab-title-6413\"><p>Ako ka\u017ed\u00fd chirurgick\u00fd z\u00e1krok, aj oper\u00e1cia gynekomastie so sebou prin\u00e1\u0161a potenci\u00e1lne rizik\u00e1 a komplik\u00e1cie. Ke\u010f\u017ee v\u0161ak jedinci podstupuj\u00faci plastick\u00fa oper\u00e1ciu s\u00fa zvy\u010dajne v dobrom zdravotnom stave, pravdepodobnos\u0165 komplik\u00e1ci\u00ed je n\u00edzka. Medzi mo\u017en\u00e9 komplik\u00e1cie lie\u010dby gynekomastie patria:<\/p><p>Zriedkav\u00e9 komplik\u00e1cie:<\/p><ul><li>Hemat\u00f3m (nahromadenie krvi pod ko\u017eou)<\/li><li>Poopera\u010dn\u00e9 krv\u00e1canie<\/li><li>Infekcia<\/li><li>Alergick\u00e1 reakcia<\/li><\/ul><p>Ve\u013emi zriedkav\u00e9 komplik\u00e1cie:<\/p><ul><li>Zmeny citlivosti v okol\u00ed prsn\u00edka<\/li><li>Trval\u00e9 vidite\u013en\u00e9 jazvy<\/li><li>V\u00fdsledky nesp\u013a\u0148aj\u00face o\u010dak\u00e1vania<\/li><\/ul><p>Jazvy:<\/p><p>Na za\u010diatku m\u00f4\u017eu by\u0165 jazvy \u010derven\u00e9 a opuchnut\u00e9, ale to zvy\u010dajne ust\u00fapi pribli\u017ene po \u0161iestich t\u00fd\u017ed\u0148och. Majte v\u0161ak na pam\u00e4ti, \u017ee \u00fapln\u00e9 zahojenie jazvy zvy\u010dajne trv\u00e1 pribli\u017ene rok a\u017e rok a pol. Je ve\u013emi d\u00f4le\u017eit\u00e9 chr\u00e1ni\u0165 jazvy pred slnkom a udr\u017eiava\u0165 dobr\u00fa starostlivos\u0165 o jazvy pomocou kr\u00e9mu na jazvy.<\/p><p>Faj\u010denie:<\/p><p>Odpor\u00fa\u010da sa presta\u0165 faj\u010di\u0165 aspo\u0148 \u0161es\u0165 t\u00fd\u017ed\u0148ov pred z\u00e1krokom a po \u0148om. Faj\u010denie zu\u017euje cievy, \u010do m\u00f4\u017ee potenci\u00e1lne sp\u00f4sobi\u0165 probl\u00e9my s hojen\u00edm r\u00e1n.<\/p><\/div>\n\t\t\t\t<\/div>\n\t\t\t\t\t\t\t\t<\/div>\n\t\t\t\t\t\t<\/div>\n\t\t\t\t<\/div>\n\t\t\t\t\t<\/div>\n\t\t<\/div>\n\t\t\t\t\t<\/div>\n\t\t<\/section>\n\t\t\t\t\t<\/div>\n\t\t<\/div>\n\t\t\t\t\t<\/div>\n\t\t<\/section>\n\t\t\t\t<\/div>\n\t\t","protected":false},"excerpt":{"rendered":"<p>Gynekomastia je lek\u00e1rsky term\u00edn pre zv\u00e4\u010d\u0161enie prsnej \u017e\u013eazy u mu\u017eov. Hoci sa o nej \u010dasto nehovor\u00ed, je pomerne \u010dast\u00e1. Zv\u00e4\u010d\u0161enie prsn\u00edkov m\u00f4\u017ee by\u0165 sp\u00f4soben\u00e9 zhrubnut\u00fdm \u017e\u013eazov\u00fdm tkanivom, nadbyto\u010dnou ko\u017eou alebo prebytkom tuku. Pr\u00edtomnos\u0165 zv\u00e4\u010d\u0161en\u00fdch p\u0155s m\u00f4\u017ee u mu\u017eov v\u00fdrazne ovplyvni\u0165 sebavedomie. Ak sa kv\u00f4li gynekomastii c\u00edtite nesvoj, zmen\u0161enie prsn\u00edkov m\u00f4\u017ee by\u0165 \u00fa\u010dinn\u00fdm rie\u0161en\u00edm. Po\u010das tejto [&hellip;]<\/p>\n","protected":false},"author":1,"featured_media":0,"parent":0,"menu_order":0,"comment_status":"closed","ping_status":"closed","template":"","meta":{"ocean_post_layout":"","ocean_both_sidebars_style":"","ocean_both_sidebars_content_width":0,"ocean_both_sidebars_sidebars_width":0,"ocean_sidebar":"0","ocean_second_sidebar":"0","ocean_disable_margins":"enable","ocean_add_body_class":"","ocean_shortcode_before_top_bar":"","ocean_shortcode_after_top_bar":"","ocean_shortcode_before_header":"","ocean_shortcode_after_header":"","ocean_has_shortcode":"","ocean_shortcode_after_title":"","ocean_shortcode_before_footer_widgets":"","ocean_shortcode_after_footer_widgets":"","ocean_shortcode_before_footer_bottom":"","ocean_shortcode_after_footer_bottom":"","ocean_display_top_bar":"default","ocean_display_header":"default","ocean_header_style":"","ocean_center_header_left_menu":"0","ocean_custom_header_template":"0","ocean_custom_logo":0,"ocean_custom_retina_logo":0,"ocean_custom_logo_max_width":0,"ocean_custom_logo_tablet_max_width":0,"ocean_custom_logo_mobile_max_width":0,"ocean_custom_logo_max_height":0,"ocean_custom_logo_tablet_max_height":0,"ocean_custom_logo_mobile_max_height":0,"ocean_header_custom_menu":"0","ocean_menu_typo_font_family":"0","ocean_menu_typo_font_subset":"","ocean_menu_typo_font_size":0,"ocean_menu_typo_font_size_tablet":0,"ocean_menu_typo_font_size_mobile":0,"ocean_menu_typo_font_size_unit":"px","ocean_menu_typo_font_weight":"","ocean_menu_typo_font_weight_tablet":"","ocean_menu_typo_font_weight_mobile":"","ocean_menu_typo_transform":"","ocean_menu_typo_transform_tablet":"","ocean_menu_typo_transform_mobile":"","ocean_menu_typo_line_height":0,"ocean_menu_typo_line_height_tablet":0,"ocean_menu_typo_line_height_mobile":0,"ocean_menu_typo_line_height_unit":"","ocean_menu_typo_spacing":0,"ocean_menu_typo_spacing_tablet":0,"ocean_menu_typo_spacing_mobile":0,"ocean_menu_typo_spacing_unit":"","ocean_menu_link_color":"","ocean_menu_link_color_hover":"","ocean_menu_link_color_active":"","ocean_menu_link_background":"","ocean_menu_link_hover_background":"","ocean_menu_link_active_background":"","ocean_menu_social_links_bg":"","ocean_menu_social_hover_links_bg":"","ocean_menu_social_links_color":"","ocean_menu_social_hover_links_color":"","ocean_disable_title":"default","ocean_disable_heading":"default","ocean_post_title":"","ocean_post_subheading":"","ocean_post_title_style":"","ocean_post_title_background_color":"","ocean_post_title_background":0,"ocean_post_title_bg_image_position":"","ocean_post_title_bg_image_attachment":"","ocean_post_title_bg_image_repeat":"","ocean_post_title_bg_image_size":"","ocean_post_title_height":0,"ocean_post_title_bg_overlay":0.5,"ocean_post_title_bg_overlay_color":"","ocean_disable_breadcrumbs":"default","ocean_breadcrumbs_color":"","ocean_breadcrumbs_separator_color":"","ocean_breadcrumbs_links_color":"","ocean_breadcrumbs_links_hover_color":"","ocean_display_footer_widgets":"default","ocean_display_footer_bottom":"default","ocean_custom_footer_template":"0","footnotes":""},"class_list":["post-837","page","type-page","status-publish","hentry","entry"],"_links":{"self":[{"href":"https:\/\/norbertracz.sk\/index.php?rest_route=\/wp\/v2\/pages\/837"}],"collection":[{"href":"https:\/\/norbertracz.sk\/index.php?rest_route=\/wp\/v2\/pages"}],"about":[{"href":"https:\/\/norbertracz.sk\/index.php?rest_route=\/wp\/v2\/types\/page"}],"author":[{"embeddable":true,"href":"https:\/\/norbertracz.sk\/index.php?rest_route=\/wp\/v2\/users\/1"}],"replies":[{"embeddable":true,"href":"https:\/\/norbertracz.sk\/index.php?rest_route=%2Fwp%2Fv2%2Fcomments&post=837"}],"version-history":[{"count":6,"href":"https:\/\/norbertracz.sk\/index.php?rest_route=\/wp\/v2\/pages\/837\/revisions"}],"predecessor-version":[{"id":1010,"href":"https:\/\/norbertracz.sk\/index.php?rest_route=\/wp\/v2\/pages\/837\/revisions\/1010"}],"wp:attachment":[{"href":"https:\/\/norbertracz.sk\/index.php?rest_route=%2Fwp%2Fv2%2Fmedia&parent=837"}],"curies":[{"name":"wp","href":"https:\/\/api.w.org\/{rel}","templated":true}]}}