{"id":87,"date":"2019-02-10T10:03:43","date_gmt":"2019-02-10T09:03:43","guid":{"rendered":"https:\/\/norbertracz.sk\/?page_id=87"},"modified":"2024-06-07T19:45:43","modified_gmt":"2024-06-07T17:45:43","slug":"mudr-norbert-racz","status":"publish","type":"page","link":"https:\/\/norbertracz.sk\/?page_id=87","title":{"rendered":"O mne"},"content":{"rendered":"\t\t<div data-elementor-type=\"wp-post\" data-elementor-id=\"87\" class=\"elementor elementor-87\">\n\t\t\t\t\t\t<section class=\"elementor-section elementor-top-section elementor-element elementor-element-a5014e6 elementor-section-boxed elementor-section-height-default elementor-section-height-default\" data-id=\"a5014e6\" data-element_type=\"section\" data-e-type=\"section\">\n\t\t\t\t\t\t<div class=\"elementor-container elementor-column-gap-default\">\n\t\t\t\t\t<div class=\"elementor-column elementor-col-100 elementor-top-column elementor-element elementor-element-5b73b15\" data-id=\"5b73b15\" data-element_type=\"column\" data-e-type=\"column\">\n\t\t\t<div class=\"elementor-widget-wrap elementor-element-populated\">\n\t\t\t\t\t\t<div class=\"elementor-element elementor-element-1ca185c elementor-widget elementor-widget-text-editor\" data-id=\"1ca185c\" data-element_type=\"widget\" data-e-type=\"widget\" data-widget_type=\"text-editor.default\">\n\t\t\t\t<div class=\"elementor-widget-container\">\n\t\t\t\t\t\t\t\t\t<h1>Norbert R\u00e1cz: V\u00e1\u0161 Partner pre Kr\u00e1su a Sebad\u00f4veru<\/h1><div><br><\/div>\n<p>Norbert R\u00e1cz je sk\u00fasen\u00fd plastick\u00fd chirurg s atest\u00e1ciou v oblasti plastickej a rekon\u0161truk\u010dnej chirurgie. Je \u010dlenom Slovenskej lek\u00e1rskej komory, Slovenskej spolo\u010dnosti plastickej a estetickej chirurgie, ako aj The International Society of Aesthetic Plastic Surgery (ISAPS).<\/p>\n<h2>Profesion\u00e1lna cesta<\/h2>\n<p>Po absolvovan\u00ed Lek\u00e1rskej fakulty Univerzity Komensk\u00e9ho v Bratislave za\u010dal svoju kari\u00e9ru na Chirurgickej klinike v Nov\u00fdch Z\u00e1mkoch na oddelen\u00ed traumatol\u00f3gie, kde z\u00edskal atest\u00e1ciu z odboru v\u0161eobecnej chirurgie I. stup\u0148a. Nesk\u00f4r pracoval na Klinike plastickej chirurgie v Ru\u017einovskej nemocnici FN Bratislava, kde v roku 2006 z\u00edskal atest\u00e1ciu v \u0161pecializa\u010dnom odbore plastick\u00e1 a rekon\u0161truk\u010dn\u00e1 chirurgia. Od roku 2007 pracoval v prest\u00ed\u017enych s\u00fakromn\u00fdch centr\u00e1ch estetickej chirurgie a od roku 2024 p\u00f4sob\u00ed v Concept Clinic v Bratislave.<\/p>\n<h2>Medzin\u00e1rodn\u00e9 sk\u00fasenosti<\/h2>\n<p>Norbert R\u00e1cz absolvoval nieko\u013eko pracovn\u00fdch pobytov v zahrani\u010d\u00ed. V roku 2007 p\u00f4sobil v Par\u00ed\u017ei na svetozn\u00e1mom in\u0161tit\u00fate chirurgie ruky &#8211; Institut de la Main, a v roku 2009 v Rio de Janeiro v Braz\u00edlii na s\u00fakromnej klinike u prof. Pitanguyho. Pravidelne sa z\u00fa\u010dast\u0148uje dom\u00e1cich aj zahrani\u010dn\u00fdch kongresov a in\u0161trukt\u00e1\u017enych kurzov v popredn\u00fdch klinik\u00e1ch. Je spoluautorom nieko\u013ek\u00fdch odborn\u00fdch publik\u00e1ci\u00ed v plastickej chirurgii.<\/p>\n<h2>&nbsp;Odborn\u00e9 zameranie<\/h2>\n<p>S viac ako 18-ro\u010dn\u00fdmi sk\u00fasenos\u0165ami v odbore sa Norbert R\u00e1cz \u00faspe\u0161ne venuje mikrochirurgii a chirurgii ruky. Aktu\u00e1lne sa \u0161pecializuje na cel\u00e9 spektrum estetickej chirurgie, so zameran\u00edm na chirurgiu tela a prsn\u00edka. Vo svojej pr\u00e1ci kladie d\u00f4raz na individu\u00e1lny pr\u00edstup k pacientk\u00e1m a poskytovanie najnov\u0161\u00edch a najlep\u0161\u00edch mo\u017enost\u00ed pre dosiahnutie \u017eelan\u00fdch v\u00fdsledkov.<\/p>\n<h2>Osobn\u00fd \u017eivot<\/h2>\n<p>Norbert R\u00e1cz je \u0161\u0165astne \u017eenat\u00fd a m\u00e1 tri deti. Vo vo\u013enom \u010dase r\u00e1d jazd\u00ed na bicykli a tr\u00e1vi \u010das v hor\u00e1ch, kde nach\u00e1dza in\u0161pir\u00e1ciu a relax.<\/p>\n<p>S Norbertom R\u00e1czom m\u00e1te istotu, \u017ee ste v ruk\u00e1ch sk\u00fasen\u00e9ho odborn\u00edka, ktor\u00fd sa star\u00e1 o va\u0161u kr\u00e1su a sebad\u00f4veru.<\/p>\t\t\t\t\t\t\t\t<\/div>\n\t\t\t\t<\/div>\n\t\t\t\t\t<\/div>\n\t\t<\/div>\n\t\t\t\t\t<\/div>\n\t\t<\/section>\n\t\t\t\t<\/div>\n\t\t","protected":false},"excerpt":{"rendered":"<p>Norbert R\u00e1cz: V\u00e1\u0161 Partner pre Kr\u00e1su a Sebad\u00f4veru Norbert R\u00e1cz je sk\u00fasen\u00fd plastick\u00fd chirurg s atest\u00e1ciou v oblasti plastickej a rekon\u0161truk\u010dnej chirurgie. Je \u010dlenom Slovenskej lek\u00e1rskej komory, Slovenskej spolo\u010dnosti plastickej a estetickej chirurgie, ako aj The International Society of Aesthetic Plastic Surgery (ISAPS). Profesion\u00e1lna cesta Po absolvovan\u00ed Lek\u00e1rskej fakulty Univerzity Komensk\u00e9ho v Bratislave za\u010dal svoju [&hellip;]<\/p>\n","protected":false},"author":1,"featured_media":0,"parent":0,"menu_order":0,"comment_status":"closed","ping_status":"closed","template":"","meta":{"ocean_post_layout":"full-screen","ocean_both_sidebars_style":"","ocean_both_sidebars_content_width":0,"ocean_both_sidebars_sidebars_width":0,"ocean_sidebar":"0","ocean_second_sidebar":"0","ocean_disable_margins":"enable","ocean_add_body_class":"","ocean_shortcode_before_top_bar":"","ocean_shortcode_after_top_bar":"","ocean_shortcode_before_header":"","ocean_shortcode_after_header":"","ocean_has_shortcode":"","ocean_shortcode_after_title":"","ocean_shortcode_before_footer_widgets":"","ocean_shortcode_after_footer_widgets":"","ocean_shortcode_before_footer_bottom":"","ocean_shortcode_after_footer_bottom":"","ocean_display_top_bar":"off","ocean_display_header":"on","ocean_header_style":"","ocean_center_header_left_menu":"0","ocean_custom_header_template":"0","ocean_custom_logo":0,"ocean_custom_retina_logo":0,"ocean_custom_logo_max_width":0,"ocean_custom_logo_tablet_max_width":0,"ocean_custom_logo_mobile_max_width":0,"ocean_custom_logo_max_height":0,"ocean_custom_logo_tablet_max_height":0,"ocean_custom_logo_mobile_max_height":0,"ocean_header_custom_menu":"0","ocean_menu_typo_font_family":"0","ocean_menu_typo_font_subset":"","ocean_menu_typo_font_size":0,"ocean_menu_typo_font_size_tablet":0,"ocean_menu_typo_font_size_mobile":0,"ocean_menu_typo_font_size_unit":"px","ocean_menu_typo_font_weight":"","ocean_menu_typo_font_weight_tablet":"","ocean_menu_typo_font_weight_mobile":"","ocean_menu_typo_transform":"","ocean_menu_typo_transform_tablet":"","ocean_menu_typo_transform_mobile":"","ocean_menu_typo_line_height":0,"ocean_menu_typo_line_height_tablet":0,"ocean_menu_typo_line_height_mobile":0,"ocean_menu_typo_line_height_unit":"","ocean_menu_typo_spacing":0,"ocean_menu_typo_spacing_tablet":0,"ocean_menu_typo_spacing_mobile":0,"ocean_menu_typo_spacing_unit":"","ocean_menu_link_color":"","ocean_menu_link_color_hover":"","ocean_menu_link_color_active":"","ocean_menu_link_background":"","ocean_menu_link_hover_background":"","ocean_menu_link_active_background":"","ocean_menu_social_links_bg":"","ocean_menu_social_hover_links_bg":"","ocean_menu_social_links_color":"","ocean_menu_social_hover_links_color":"","ocean_disable_title":"enable","ocean_disable_heading":"on","ocean_post_title":"","ocean_post_subheading":"","ocean_post_title_style":"","ocean_post_title_background_color":"","ocean_post_title_background":0,"ocean_post_title_bg_image_position":"","ocean_post_title_bg_image_attachment":"","ocean_post_title_bg_image_repeat":"","ocean_post_title_bg_image_size":"","ocean_post_title_height":0,"ocean_post_title_bg_overlay":0.5,"ocean_post_title_bg_overlay_color":"","ocean_disable_breadcrumbs":"off","ocean_breadcrumbs_color":"","ocean_breadcrumbs_separator_color":"","ocean_breadcrumbs_links_color":"","ocean_breadcrumbs_links_hover_color":"","ocean_display_footer_widgets":"default","ocean_display_footer_bottom":"default","ocean_custom_footer_template":"0","footnotes":""},"class_list":["post-87","page","type-page","status-publish","hentry","entry"],"_links":{"self":[{"href":"https:\/\/norbertracz.sk\/index.php?rest_route=\/wp\/v2\/pages\/87"}],"collection":[{"href":"https:\/\/norbertracz.sk\/index.php?rest_route=\/wp\/v2\/pages"}],"about":[{"href":"https:\/\/norbertracz.sk\/index.php?rest_route=\/wp\/v2\/types\/page"}],"author":[{"embeddable":true,"href":"https:\/\/norbertracz.sk\/index.php?rest_route=\/wp\/v2\/users\/1"}],"replies":[{"embeddable":true,"href":"https:\/\/norbertracz.sk\/index.php?rest_route=%2Fwp%2Fv2%2Fcomments&post=87"}],"version-history":[{"count":6,"href":"https:\/\/norbertracz.sk\/index.php?rest_route=\/wp\/v2\/pages\/87\/revisions"}],"predecessor-version":[{"id":972,"href":"https:\/\/norbertracz.sk\/index.php?rest_route=\/wp\/v2\/pages\/87\/revisions\/972"}],"wp:attachment":[{"href":"https:\/\/norbertracz.sk\/index.php?rest_route=%2Fwp%2Fv2%2Fmedia&parent=87"}],"curies":[{"name":"wp","href":"https:\/\/api.w.org\/{rel}","templated":true}]}}